{"id":498768,"date":"2025-01-24T23:29:08","date_gmt":"2025-01-24T22:29:08","guid":{"rendered":"https:\/\/shop.kustom.ch\/?post_type=product&#038;p=498768"},"modified":"2026-03-31T11:33:03","modified_gmt":"2026-03-31T10:33:03","slug":"advantage-premium-polo-ladies","status":"publish","type":"product","link":"https:\/\/shop.kustom.ch\/fr\/produit\/advantage-premium-polo-ladies\/","title":{"rendered":"Advantage Premium Polo Ladies"},"content":{"rendered":"<p>Notre tissu Tri Blend unique en coton, polyester et \u00e9lasthanne offre une polyvalence maximale pour votre style de vie actif. Le traitement C&amp;B DryTec Cotton +35 protection UV offre un toucher doux avec une touche de stretch et une bonne \u00e9vacuation de l'humidit\u00e9, ce qui fait de ce polo un v\u00eatement tr\u00e8s recherch\u00e9. Dans la version premium, col contrast\u00e9 \u00e9l\u00e9gant pour rendre ce polo encore plus styl\u00e9, boutons m\u00e9talliques sur la patte de boutonnage avant et petit logo C&amp;B en m\u00e9tal sur le bas du devant.<\/p>\n<p>Mat\u00e9riau : Ext\u00e9rieur : 52% coton, 45% polyester, 3% \u00e9lasthanne ; Insert en tissu tiss\u00e9 : 100% coton<\/p>","protected":false},"excerpt":{"rendered":"<p>Unser einzigartiges Tri Blend Material aus Baumwolle, Polyester und Elasthan bietet maximale Vielseitigkeit f\u00fcr Ihren aktiven Lebensstil. Die C&amp;B DryTec Cotton +35 UV Schutz Verarbeitung bietet eine weiche Haptik mit einem Hauch von Stretch und einen guten Feuchtigkeitsabtransport, was dieses Polo Shirt zu einem begehrten Kleidungsst\u00fcck macht. In der Premium Version mit edlem Kontrast Kragen, [&hellip;]<\/p>\n","protected":false},"featured_media":498823,"template":"","meta":[],"product_brand":[],"product_cat":[4193],"product_tag":[],"class_list":{"0":"post-498768","1":"product","2":"type-product","3":"status-publish","4":"has-post-thumbnail","6":"product_cat-polos","7":"pa_brand-cutter-buck","8":"pa_brand-type-sportswear","9":"pa_filter-color-blau","10":"pa_filter-color-gruen","11":"pa_filter-color-orange","12":"pa_filter-color-schwarz","13":"pa_filter-color-weiss","15":"first","16":"instock","17":"sale","18":"taxable","19":"shipping-taxable","20":"purchasable","21":"product-type-variable","22":"add-to-wishlist-before_image"},"exclude_global_add_ons":[],"addons":[],"acf":[],"_links":{"self":[{"href":"https:\/\/shop.kustom.ch\/fr\/wp-json\/wp\/v2\/product\/498768"}],"collection":[{"href":"https:\/\/shop.kustom.ch\/fr\/wp-json\/wp\/v2\/product"}],"about":[{"href":"https:\/\/shop.kustom.ch\/fr\/wp-json\/wp\/v2\/types\/product"}],"wp:featuredmedia":[{"embeddable":true,"href":"https:\/\/shop.kustom.ch\/fr\/wp-json\/wp\/v2\/media\/498823"}],"wp:attachment":[{"href":"https:\/\/shop.kustom.ch\/fr\/wp-json\/wp\/v2\/media?parent=498768"}],"wp:term":[{"taxonomy":"product_brand","embeddable":true,"href":"https:\/\/shop.kustom.ch\/fr\/wp-json\/wp\/v2\/product_brand?post=498768"},{"taxonomy":"product_cat","embeddable":true,"href":"https:\/\/shop.kustom.ch\/fr\/wp-json\/wp\/v2\/product_cat?post=498768"},{"taxonomy":"product_tag","embeddable":true,"href":"https:\/\/shop.kustom.ch\/fr\/wp-json\/wp\/v2\/product_tag?post=498768"}],"curies":[{"name":"wp","href":"https:\/\/api.w.org\/{rel}","templated":true}]}}