{"id":498493,"date":"2025-01-24T23:27:57","date_gmt":"2025-01-24T22:27:57","guid":{"rendered":"https:\/\/shop.kustom.ch\/?post_type=product&#038;p=498493"},"modified":"2026-03-31T11:40:13","modified_gmt":"2026-03-31T10:40:13","slug":"advantage-leisure-shirt-men","status":"publish","type":"product","link":"https:\/\/shop.kustom.ch\/fr\/produit\/advantage-leisure-shirt-men\/","title":{"rendered":"Advantage Leisure shirt Men"},"content":{"rendered":"<p>Enrichissez votre garde-robe avec notre chemise Advantage Leisure, parfaite pour ajouter une touche de style \u00e0 n'importe quelle tenue. Avec une coupe d\u00e9contract\u00e9e, cette pi\u00e8ce s'adapte \u00e0 toutes les occasions et offre un confort ultime et un look d\u00e9contract\u00e9. Fabriqu\u00e9 \u00e0 partir de notre m\u00e9lange innovant Advantage en coton, polyester recycl\u00e9 et \u00e9lasthanne, il garantit durabilit\u00e9 et flexibilit\u00e9. Associez-le \u00e0 nos chinos et \u00e0 un T-shirt Manzanita pour un look \u00e0 la fois d\u00e9contract\u00e9 et tendance. Ce surv\u00eatement exceptionnel allie un design tendance \u00e0 un engagement profond en faveur de la durabilit\u00e9.<\/p>\n<p>Mati\u00e8re : 50% coton, 45% polyester recycl\u00e9, 5% spandex<\/p>","protected":false},"excerpt":{"rendered":"<p>Erweitern Sie Ihre Garderobe mit unserem Advantage Leisure Shirt, perfekt, um jedem Outfit eine stilvolle Note hinzuzuf\u00fcgen. Mit einer lockeren Passform passt dieses St\u00fcck zu jeder Gelegenheit und bietet ultimativen Komfort und einen l\u00e4ssigen Look. Hergestellt aus unserem innovativen Advantage-Blend aus Baumwolle, recyceltem Polyester und Elastan gew\u00e4hrleistet es Langlebigkeit und Flexibilit\u00e4t. Kombinieren Sie es mit [&hellip;]<\/p>\n","protected":false},"featured_media":498539,"template":"","meta":[],"product_brand":[],"product_cat":[9874],"product_tag":[],"class_list":{"0":"post-498493","1":"product","2":"type-product","3":"status-publish","4":"has-post-thumbnail","6":"product_cat-hemden","7":"pa_brand-cutter-buck","8":"pa_brand-type-sportswear","9":"pa_filter-color-beige","10":"pa_filter-color-blau","11":"pa_filter-color-schwarz","13":"first","14":"instock","15":"sale","16":"taxable","17":"shipping-taxable","18":"purchasable","19":"product-type-variable","20":"add-to-wishlist-before_image"},"exclude_global_add_ons":[],"addons":[],"acf":[],"_links":{"self":[{"href":"https:\/\/shop.kustom.ch\/fr\/wp-json\/wp\/v2\/product\/498493"}],"collection":[{"href":"https:\/\/shop.kustom.ch\/fr\/wp-json\/wp\/v2\/product"}],"about":[{"href":"https:\/\/shop.kustom.ch\/fr\/wp-json\/wp\/v2\/types\/product"}],"wp:featuredmedia":[{"embeddable":true,"href":"https:\/\/shop.kustom.ch\/fr\/wp-json\/wp\/v2\/media\/498539"}],"wp:attachment":[{"href":"https:\/\/shop.kustom.ch\/fr\/wp-json\/wp\/v2\/media?parent=498493"}],"wp:term":[{"taxonomy":"product_brand","embeddable":true,"href":"https:\/\/shop.kustom.ch\/fr\/wp-json\/wp\/v2\/product_brand?post=498493"},{"taxonomy":"product_cat","embeddable":true,"href":"https:\/\/shop.kustom.ch\/fr\/wp-json\/wp\/v2\/product_cat?post=498493"},{"taxonomy":"product_tag","embeddable":true,"href":"https:\/\/shop.kustom.ch\/fr\/wp-json\/wp\/v2\/product_tag?post=498493"}],"curies":[{"name":"wp","href":"https:\/\/api.w.org\/{rel}","templated":true}]}}