{"id":498491,"date":"2025-01-24T23:27:56","date_gmt":"2025-01-24T22:27:56","guid":{"rendered":"https:\/\/shop.kustom.ch\/?post_type=product&#038;p=498491"},"modified":"2026-03-31T11:38:30","modified_gmt":"2026-03-31T10:38:30","slug":"advantage-dress-ladies","status":"publish","type":"product","link":"https:\/\/shop.kustom.ch\/fr\/produit\/advantage-dress-ladies\/","title":{"rendered":"Robe Advantage Ladies"},"content":{"rendered":"<p>Notre tissu Tri Blend unique en coton, polyester et \u00e9lasthanne offre une polyvalence maximale pour votre style de vie actif. Le traitement C&amp;B DryTec Cotton +35 protection UV offre un toucher doux avec une touche de stretch et une bonne \u00e9vacuation de l'humidit\u00e9, ce qui fait de cette robe polo un v\u00eatement tr\u00e8s recherch\u00e9.  Coutures arrondies aux \u00e9paules pour un meilleur ajustement, plus moderne.<\/p>\n<p>Mati\u00e8re : Tri-blend, 52% coton, 45% polyester, 3% \u00e9lasthanne<\/p>","protected":false},"excerpt":{"rendered":"<p>Unser einzigartiges Tri Blend Material aus Baumwolle, Polyester und Elasthan bietet maximale Vielseitigkeit f\u00fcr Ihren aktiven Lebensstil. Die C&amp;B DryTec Cotton +35 UV Schutz Verarbeitung bietet eine weiche Haptik mit einem Hauch von Stretch und einen guten Feuchtigkeitsabtransport, was dieses Polo Kleid zu einem begehrten Kleidungsst\u00fcck macht. Abgerundete N\u00e4hte an den Schultern f\u00fcr eine bessere, [&hellip;]<\/p>\n","protected":false},"featured_media":498504,"template":"","meta":[],"product_brand":[],"product_cat":[4194],"product_tag":[],"class_list":{"0":"post-498491","1":"product","2":"type-product","3":"status-publish","4":"has-post-thumbnail","6":"product_cat-roecke","7":"pa_brand-cutter-buck","8":"pa_brand-type-sportswear","9":"pa_filter-color-blau","10":"pa_filter-color-schwarz","12":"first","13":"instock","14":"sale","15":"taxable","16":"shipping-taxable","17":"purchasable","18":"product-type-variable","19":"add-to-wishlist-before_image"},"exclude_global_add_ons":[],"addons":[],"acf":[],"_links":{"self":[{"href":"https:\/\/shop.kustom.ch\/fr\/wp-json\/wp\/v2\/product\/498491"}],"collection":[{"href":"https:\/\/shop.kustom.ch\/fr\/wp-json\/wp\/v2\/product"}],"about":[{"href":"https:\/\/shop.kustom.ch\/fr\/wp-json\/wp\/v2\/types\/product"}],"wp:featuredmedia":[{"embeddable":true,"href":"https:\/\/shop.kustom.ch\/fr\/wp-json\/wp\/v2\/media\/498504"}],"wp:attachment":[{"href":"https:\/\/shop.kustom.ch\/fr\/wp-json\/wp\/v2\/media?parent=498491"}],"wp:term":[{"taxonomy":"product_brand","embeddable":true,"href":"https:\/\/shop.kustom.ch\/fr\/wp-json\/wp\/v2\/product_brand?post=498491"},{"taxonomy":"product_cat","embeddable":true,"href":"https:\/\/shop.kustom.ch\/fr\/wp-json\/wp\/v2\/product_cat?post=498491"},{"taxonomy":"product_tag","embeddable":true,"href":"https:\/\/shop.kustom.ch\/fr\/wp-json\/wp\/v2\/product_tag?post=498491"}],"curies":[{"name":"wp","href":"https:\/\/api.w.org\/{rel}","templated":true}]}}