{"id":498425,"date":"2025-01-24T23:27:35","date_gmt":"2025-01-24T22:27:35","guid":{"rendered":"https:\/\/shop.kustom.ch\/?post_type=product&#038;p=498425"},"modified":"2026-03-31T11:40:50","modified_gmt":"2026-03-31T10:40:50","slug":"adapt-hz-men","status":"publish","type":"product","link":"https:\/\/shop.kustom.ch\/fr\/produit\/adapt-hz-men\/","title":{"rendered":"Adapt HZ Hommes"},"content":{"rendered":"<p>Notre demi-zip Adapt est con\u00e7u avec la durabilit\u00e9 et le style \u00e0 l'esprit et est fabriqu\u00e9 \u00e0 partir de tissus recycl\u00e9s respectueux de l'environnement. Le dos bross\u00e9 en polaire est id\u00e9al pour les superpositions tout au long de l'ann\u00e9e et dispose d'une technologie d'\u00e9vacuation de l'humidit\u00e9 qui vous garde au frais et au sec pendant les activit\u00e9s physiques intenses.<\/p>\n<p>Mati\u00e8re : Drytec ; 88% polyester recycl\u00e9, 12% \u00e9lasthanne<\/p>","protected":false},"excerpt":{"rendered":"<p>Unser Adapt Half Zip ist mit Nachhaltigkeit und Stil im Sinn konzipiert und aus umweltfreundlichen recycelten Stoffen hergestellt. Die geb\u00fcrstete R\u00fcckseite aus Fleece eignet sich ideal f\u00fcr das Schichten das ganze Jahr \u00fcber und verf\u00fcgt \u00fcber Feuchtigkeitsabtransport-Technologie, die Sie w\u00e4hrend intensiver k\u00f6rperlicher Aktivit\u00e4ten k\u00fchl und trocken h\u00e4lt. Material: Drytec; 88% Recycling-Polyester, 12% Elasthan<\/p>","protected":false},"featured_media":498485,"template":"","meta":[],"product_brand":[],"product_cat":[4191],"product_tag":[],"class_list":{"0":"post-498425","1":"product","2":"type-product","3":"status-publish","4":"has-post-thumbnail","6":"product_cat-longsleeves-sweatshirts","7":"pa_brand-cutter-buck","8":"pa_brand-type-sportswear","9":"pa_filter-color-blau","10":"pa_filter-color-schwarz","12":"first","13":"instock","14":"sale","15":"taxable","16":"shipping-taxable","17":"purchasable","18":"product-type-variable","19":"add-to-wishlist-before_image"},"exclude_global_add_ons":[],"addons":[],"acf":[],"_links":{"self":[{"href":"https:\/\/shop.kustom.ch\/fr\/wp-json\/wp\/v2\/product\/498425"}],"collection":[{"href":"https:\/\/shop.kustom.ch\/fr\/wp-json\/wp\/v2\/product"}],"about":[{"href":"https:\/\/shop.kustom.ch\/fr\/wp-json\/wp\/v2\/types\/product"}],"wp:featuredmedia":[{"embeddable":true,"href":"https:\/\/shop.kustom.ch\/fr\/wp-json\/wp\/v2\/media\/498485"}],"wp:attachment":[{"href":"https:\/\/shop.kustom.ch\/fr\/wp-json\/wp\/v2\/media?parent=498425"}],"wp:term":[{"taxonomy":"product_brand","embeddable":true,"href":"https:\/\/shop.kustom.ch\/fr\/wp-json\/wp\/v2\/product_brand?post=498425"},{"taxonomy":"product_cat","embeddable":true,"href":"https:\/\/shop.kustom.ch\/fr\/wp-json\/wp\/v2\/product_cat?post=498425"},{"taxonomy":"product_tag","embeddable":true,"href":"https:\/\/shop.kustom.ch\/fr\/wp-json\/wp\/v2\/product_tag?post=498425"}],"curies":[{"name":"wp","href":"https:\/\/api.w.org\/{rel}","templated":true}]}}