{"id":498423,"date":"2025-01-24T23:27:35","date_gmt":"2025-01-24T22:27:35","guid":{"rendered":"https:\/\/shop.kustom.ch\/?post_type=product&#038;p=498423"},"modified":"2026-03-31T11:40:00","modified_gmt":"2026-03-31T10:40:00","slug":"adapt-fz-jacket-men","status":"publish","type":"product","link":"https:\/\/shop.kustom.ch\/fr\/produit\/adapt-fz-jacket-men\/","title":{"rendered":"Veste Adapt FZ Hommes"},"content":{"rendered":"<p>L'embl\u00e9matique veste Adapt Full Zip a \u00e9t\u00e9 con\u00e7ue en tenant compte \u00e0 la fois de la durabilit\u00e9 et du style. Nous avons fabriqu\u00e9 cette veste \u00e0 partir de tissus recycl\u00e9s certifi\u00e9s de haute qualit\u00e9 et respectueux de l'environnement, afin de vous offrir un \u00e9quilibre entre stretch et chaleur l\u00e9g\u00e8re, avec une polaire bross\u00e9e \u00e0 l'arri\u00e8re pour un port toute l'ann\u00e9e. Elle est \u00e9galement dot\u00e9e d'une technologie de r\u00e9gulation de l'humidit\u00e9 qui vous aide \u00e0 rester au frais et au sec pendant une activit\u00e9 physique intense. La veste a une coupe confortable et d\u00e9contract\u00e9e et dispose de deux poches zipp\u00e9es sur le devant.<\/p>\n<p>Mati\u00e8re : Drytec ; 88% polyester recycl\u00e9, 12% \u00e9lasthanne<\/p>","protected":false},"excerpt":{"rendered":"<p>Die ikonische Adapt Full Zip Jacke wurde sowohl unter Ber\u00fccksichtigung von Nachhaltigkeit als auch von Stil entwickelt. Wir haben diese Jacke aus hochwertigen, zertifizierten umweltfreundlichen recycelten Stoffen hergestellt, um Ihnen eine Balance aus Stretch und leichter W\u00e4rme mit dem aufgeb\u00fcrsteten Fleece auf der R\u00fcckseite f\u00fcr das Tragen das ganze Jahr \u00fcber zu bieten. Sie ist [&hellip;]<\/p>\n","protected":false},"featured_media":498447,"template":"","meta":[],"product_brand":[],"product_cat":[4186],"product_tag":[],"class_list":{"0":"post-498423","1":"product","2":"type-product","3":"status-publish","4":"has-post-thumbnail","6":"product_cat-jacken","7":"pa_brand-cutter-buck","8":"pa_brand-type-sportswear","9":"pa_filter-color-blau","10":"pa_filter-color-gruen","11":"pa_filter-color-schwarz","13":"first","14":"instock","15":"sale","16":"taxable","17":"shipping-taxable","18":"purchasable","19":"product-type-variable","20":"add-to-wishlist-before_image"},"exclude_global_add_ons":[],"addons":[],"acf":[],"_links":{"self":[{"href":"https:\/\/shop.kustom.ch\/fr\/wp-json\/wp\/v2\/product\/498423"}],"collection":[{"href":"https:\/\/shop.kustom.ch\/fr\/wp-json\/wp\/v2\/product"}],"about":[{"href":"https:\/\/shop.kustom.ch\/fr\/wp-json\/wp\/v2\/types\/product"}],"wp:featuredmedia":[{"embeddable":true,"href":"https:\/\/shop.kustom.ch\/fr\/wp-json\/wp\/v2\/media\/498447"}],"wp:attachment":[{"href":"https:\/\/shop.kustom.ch\/fr\/wp-json\/wp\/v2\/media?parent=498423"}],"wp:term":[{"taxonomy":"product_brand","embeddable":true,"href":"https:\/\/shop.kustom.ch\/fr\/wp-json\/wp\/v2\/product_brand?post=498423"},{"taxonomy":"product_cat","embeddable":true,"href":"https:\/\/shop.kustom.ch\/fr\/wp-json\/wp\/v2\/product_cat?post=498423"},{"taxonomy":"product_tag","embeddable":true,"href":"https:\/\/shop.kustom.ch\/fr\/wp-json\/wp\/v2\/product_tag?post=498423"}],"curies":[{"name":"wp","href":"https:\/\/api.w.org\/{rel}","templated":true}]}}