{"id":497232,"date":"2025-01-24T22:17:58","date_gmt":"2025-01-24T21:17:58","guid":{"rendered":"https:\/\/shop.kustom.ch\/?post_type=product&#038;p=497232"},"modified":"2026-03-31T10:19:17","modified_gmt":"2026-03-31T09:19:17","slug":"sweat-pants-kid","status":"publish","type":"product","link":"https:\/\/shop.kustom.ch\/fr\/produit\/sweat-pants-kid\/","title":{"rendered":"Sweat Pants Kid"},"content":{"rendered":"<p>Pantalon en tissu sweat-shirt avec int\u00e9rieur gratt\u00e9 pour hommes, femmes et enfants. Doublure int\u00e9rieure \u00e0 la taille avec cordon \u00e9pais, poches lat\u00e9rales (et poche arri\u00e8re pour le mod\u00e8le homme). Coupe droite.<\/p>\n<p>Mati\u00e8re : 80% coton biologique commerce \u00e9quitable, 20% polyester recycl\u00e9<\/p>","protected":false},"excerpt":{"rendered":"<p>Hose aus Sweatshirt Stoff mit gerauter Innenseite f\u00fcr Herren, Damen und Kinder. Innenfutter an der Taille mit dicker Kordel, Seitentaschen (und Ges\u00e4sstasche bei Herrenmodell). Gerader Schnitt. Material: 80% \u00f6kologisch angebaute Baumwolle Fairtrade, 20% Recycling-Polyester<\/p>","protected":false},"featured_media":497278,"template":"","meta":[],"product_brand":[],"product_cat":[4185],"product_tag":[],"class_list":{"0":"post-497232","1":"product","2":"type-product","3":"status-publish","4":"has-post-thumbnail","6":"product_cat-hosen","7":"pa_brand-cottover","8":"pa_brand-type-sportswear","9":"pa_filter-color-blau","10":"pa_filter-color-grau","11":"pa_filter-color-gruen","12":"pa_filter-color-pink","13":"pa_filter-color-rot","14":"pa_filter-color-schwarz","16":"first","17":"instock","18":"sale","19":"taxable","20":"shipping-taxable","21":"purchasable","22":"product-type-variable","23":"add-to-wishlist-before_image"},"exclude_global_add_ons":[],"addons":[],"acf":[],"_links":{"self":[{"href":"https:\/\/shop.kustom.ch\/fr\/wp-json\/wp\/v2\/product\/497232"}],"collection":[{"href":"https:\/\/shop.kustom.ch\/fr\/wp-json\/wp\/v2\/product"}],"about":[{"href":"https:\/\/shop.kustom.ch\/fr\/wp-json\/wp\/v2\/types\/product"}],"wp:featuredmedia":[{"embeddable":true,"href":"https:\/\/shop.kustom.ch\/fr\/wp-json\/wp\/v2\/media\/497278"}],"wp:attachment":[{"href":"https:\/\/shop.kustom.ch\/fr\/wp-json\/wp\/v2\/media?parent=497232"}],"wp:term":[{"taxonomy":"product_brand","embeddable":true,"href":"https:\/\/shop.kustom.ch\/fr\/wp-json\/wp\/v2\/product_brand?post=497232"},{"taxonomy":"product_cat","embeddable":true,"href":"https:\/\/shop.kustom.ch\/fr\/wp-json\/wp\/v2\/product_cat?post=497232"},{"taxonomy":"product_tag","embeddable":true,"href":"https:\/\/shop.kustom.ch\/fr\/wp-json\/wp\/v2\/product_tag?post=497232"}],"curies":[{"name":"wp","href":"https:\/\/api.w.org\/{rel}","templated":true}]}}