{"id":496611,"date":"2025-01-24T22:15:40","date_gmt":"2025-01-24T21:15:40","guid":{"rendered":"https:\/\/shop.kustom.ch\/?post_type=product&#038;p=496611"},"modified":"2026-03-31T10:18:20","modified_gmt":"2026-03-31T09:18:20","slug":"key-fz-hood-man","status":"publish","type":"product","link":"https:\/\/shop.kustom.ch\/fr\/produit\/key-fz-hood-man\/","title":{"rendered":"Key FZ Hood Man"},"content":{"rendered":"<p>Hoodie Full Zip de haute qualit\u00e9, fabriqu\u00e9 dans un mat\u00e9riau confortable, doux et avec une sensation un peu plus lourde, bross\u00e9 \u00e0 l'int\u00e9rieur. Fermeture \u00e0 glissi\u00e8re YKK Vislon\u00ae gris anthracite. Cordon de serrage dans la capuche avec d\u00e9tails en m\u00e9tal argent\u00e9 antique. Poches kangourou. Capuche avec doubles coutures et doublure en jersey simple. Bords c\u00f4te 2\u00d72 sur les manches et le bas.<\/p>\n<p>Mati\u00e8re : 85% coton biologique commerce \u00e9quitable, 15% polyester recycl\u00e9<\/p>","protected":false},"excerpt":{"rendered":"<p>Hochwertige Full Zip Hoodie aus einem bequemen Material, weich und mit einem etwas schwereren Gef\u00fchl, innen geb\u00fcrstet. YKK Vislon\u00ae-Reissverschluss in anthrazitgrau. Kordelzug in der Kapuze mit Details aus antiksilbernem Metall. K\u00e4ngurutaschen. Kapuze mit doppelten N\u00e4hten und Futter aus Single-Jersey. Rippenb\u00fcndchen 2&#215;2 an den \u00c4rmel und am unteren Rand. Material: 85% \u00f6kologisch angebaute Baumwolle Fairtrade, 15% [&hellip;]<\/p>\n","protected":false},"featured_media":496636,"template":"","meta":[],"product_brand":[],"product_cat":[4184],"product_tag":[],"class_list":{"0":"post-496611","1":"product","2":"type-product","3":"status-publish","4":"has-post-thumbnail","6":"product_cat-hoodies-pullover","7":"pa_brand-cottover","8":"pa_brand-type-sportswear","9":"pa_filter-color-blau","10":"pa_filter-color-gruen","11":"pa_filter-color-rot","12":"pa_filter-color-schwarz","14":"first","15":"instock","16":"sale","17":"taxable","18":"shipping-taxable","19":"purchasable","20":"product-type-variable","21":"add-to-wishlist-before_image"},"exclude_global_add_ons":[],"addons":[],"acf":[],"_links":{"self":[{"href":"https:\/\/shop.kustom.ch\/fr\/wp-json\/wp\/v2\/product\/496611"}],"collection":[{"href":"https:\/\/shop.kustom.ch\/fr\/wp-json\/wp\/v2\/product"}],"about":[{"href":"https:\/\/shop.kustom.ch\/fr\/wp-json\/wp\/v2\/types\/product"}],"wp:featuredmedia":[{"embeddable":true,"href":"https:\/\/shop.kustom.ch\/fr\/wp-json\/wp\/v2\/media\/496636"}],"wp:attachment":[{"href":"https:\/\/shop.kustom.ch\/fr\/wp-json\/wp\/v2\/media?parent=496611"}],"wp:term":[{"taxonomy":"product_brand","embeddable":true,"href":"https:\/\/shop.kustom.ch\/fr\/wp-json\/wp\/v2\/product_brand?post=496611"},{"taxonomy":"product_cat","embeddable":true,"href":"https:\/\/shop.kustom.ch\/fr\/wp-json\/wp\/v2\/product_cat?post=496611"},{"taxonomy":"product_tag","embeddable":true,"href":"https:\/\/shop.kustom.ch\/fr\/wp-json\/wp\/v2\/product_tag?post=496611"}],"curies":[{"name":"wp","href":"https:\/\/api.w.org\/{rel}","templated":true}]}}