{"id":496544,"date":"2025-01-24T22:15:22","date_gmt":"2025-01-24T21:15:22","guid":{"rendered":"https:\/\/shop.kustom.ch\/?post_type=product&#038;p=496544"},"modified":"2026-03-31T10:18:35","modified_gmt":"2026-03-31T09:18:35","slug":"key-crew-neck-unisex","status":"publish","type":"product","link":"https:\/\/shop.kustom.ch\/fr\/produit\/key-crew-neck-unisex\/","title":{"rendered":"Key Crew Neck unisexe"},"content":{"rendered":"<p>Pull bien fait dans une mati\u00e8re agr\u00e9able, douce et un peu plus l\u00e9g\u00e8re, bross\u00e9e \u00e0 l'int\u00e9rieur. Bords c\u00f4tes 2\u00d72 au cou, aux manches et au bas.<\/p>\n<p>Mati\u00e8re : 85% coton biologique commerce \u00e9quitable, 15% polyester recycl\u00e9<\/p>","protected":false},"excerpt":{"rendered":"<p>Gut gemachter Pullover aus einem angenehmen Material, weich und mit etwas mehr Gewicht, innen geb\u00fcrstet. Rippenb\u00fcndchen 2&#215;2 am Hals, an der \u00c4rmeln und am unteren Rand. Material: 85% \u00f6kologisch angebaute Baumwolle Fairtrade, 15% Recycling-Polyester<\/p>","protected":false},"featured_media":496549,"template":"","meta":[],"product_brand":[],"product_cat":[4191],"product_tag":[],"class_list":{"0":"post-496544","1":"product","2":"type-product","3":"status-publish","4":"has-post-thumbnail","6":"product_cat-longsleeves-sweatshirts","7":"pa_brand-cottover","8":"pa_brand-type-sportswear","9":"pa_filter-color-blau","10":"pa_filter-color-gruen","11":"pa_filter-color-rot","12":"pa_filter-color-schwarz","14":"first","15":"instock","16":"sale","17":"taxable","18":"shipping-taxable","19":"purchasable","20":"product-type-variable","21":"add-to-wishlist-before_image"},"exclude_global_add_ons":[],"addons":[],"acf":[],"_links":{"self":[{"href":"https:\/\/shop.kustom.ch\/fr\/wp-json\/wp\/v2\/product\/496544"}],"collection":[{"href":"https:\/\/shop.kustom.ch\/fr\/wp-json\/wp\/v2\/product"}],"about":[{"href":"https:\/\/shop.kustom.ch\/fr\/wp-json\/wp\/v2\/types\/product"}],"wp:featuredmedia":[{"embeddable":true,"href":"https:\/\/shop.kustom.ch\/fr\/wp-json\/wp\/v2\/media\/496549"}],"wp:attachment":[{"href":"https:\/\/shop.kustom.ch\/fr\/wp-json\/wp\/v2\/media?parent=496544"}],"wp:term":[{"taxonomy":"product_brand","embeddable":true,"href":"https:\/\/shop.kustom.ch\/fr\/wp-json\/wp\/v2\/product_brand?post=496544"},{"taxonomy":"product_cat","embeddable":true,"href":"https:\/\/shop.kustom.ch\/fr\/wp-json\/wp\/v2\/product_cat?post=496544"},{"taxonomy":"product_tag","embeddable":true,"href":"https:\/\/shop.kustom.ch\/fr\/wp-json\/wp\/v2\/product_tag?post=496544"}],"curies":[{"name":"wp","href":"https:\/\/api.w.org\/{rel}","templated":true}]}}