{"id":496406,"date":"2025-01-24T22:14:56","date_gmt":"2025-01-24T21:14:56","guid":{"rendered":"https:\/\/shop.kustom.ch\/?post_type=product&#038;p=496406"},"modified":"2026-03-31T10:22:36","modified_gmt":"2026-03-31T09:22:36","slug":"hood-man","status":"publish","type":"product","link":"https:\/\/shop.kustom.ch\/fr\/produit\/hood-man\/","title":{"rendered":"Hood Man"},"content":{"rendered":"<p>Pull \u00e0 capuche en tissu sweat-shirt avec int\u00e9rieur gratt\u00e9, pour hommes, femmes et enfants. L\u00e9g\u00e8rement plus fin et avec une coupe plus moderne. Capuche doubl\u00e9e avec cordon de serrage \u00e9pais. Deux poches ext\u00e9rieures sur le devant. Bords c\u00f4te 2\u00d72 aux manches et au bas.<\/p>\n<p>Mati\u00e8re : 80% coton biologique commerce \u00e9quitable, 20% polyester recycl\u00e9<\/p>","protected":false},"excerpt":{"rendered":"<p>Kapuzen Pullover aus Sweatshirt Stoff mit gerauter Innenseite, f\u00fcr Herren, Damen und Kinder. Etwas d\u00fcnner und mit modernerem Schnitt. Gef\u00fctterte Kapuze mit dicker Kordel. Zwei Aussentaschen auf der Vorderseite. Rippb\u00fcndchen 2&#215;2 an den \u00c4rmeln und am unteren Rand. Material: 80% \u00f6kologisch angebaute Baumwolle Fairtrade, 20% Recycling-Polyester<\/p>","protected":false},"featured_media":496435,"template":"","meta":[],"product_brand":[],"product_cat":[4184,4191],"product_tag":[],"class_list":{"0":"post-496406","1":"product","2":"type-product","3":"status-publish","4":"has-post-thumbnail","6":"product_cat-hoodies-pullover","7":"product_cat-longsleeves-sweatshirts","8":"pa_brand-cottover","9":"pa_brand-type-sportswear","10":"pa_filter-color-blau","11":"pa_filter-color-gelb","12":"pa_filter-color-grau","13":"pa_filter-color-gruen","14":"pa_filter-color-orange","15":"pa_filter-color-pink","16":"pa_filter-color-rot","17":"pa_filter-color-schwarz","18":"pa_filter-color-violet","19":"pa_filter-color-weiss","21":"first","22":"instock","23":"sale","24":"taxable","25":"shipping-taxable","26":"purchasable","27":"product-type-variable","28":"add-to-wishlist-before_image"},"exclude_global_add_ons":[],"addons":[],"acf":[],"_links":{"self":[{"href":"https:\/\/shop.kustom.ch\/fr\/wp-json\/wp\/v2\/product\/496406"}],"collection":[{"href":"https:\/\/shop.kustom.ch\/fr\/wp-json\/wp\/v2\/product"}],"about":[{"href":"https:\/\/shop.kustom.ch\/fr\/wp-json\/wp\/v2\/types\/product"}],"wp:featuredmedia":[{"embeddable":true,"href":"https:\/\/shop.kustom.ch\/fr\/wp-json\/wp\/v2\/media\/496435"}],"wp:attachment":[{"href":"https:\/\/shop.kustom.ch\/fr\/wp-json\/wp\/v2\/media?parent=496406"}],"wp:term":[{"taxonomy":"product_brand","embeddable":true,"href":"https:\/\/shop.kustom.ch\/fr\/wp-json\/wp\/v2\/product_brand?post=496406"},{"taxonomy":"product_cat","embeddable":true,"href":"https:\/\/shop.kustom.ch\/fr\/wp-json\/wp\/v2\/product_cat?post=496406"},{"taxonomy":"product_tag","embeddable":true,"href":"https:\/\/shop.kustom.ch\/fr\/wp-json\/wp\/v2\/product_tag?post=496406"}],"curies":[{"name":"wp","href":"https:\/\/api.w.org\/{rel}","templated":true}]}}