{"id":495858,"date":"2025-01-24T22:12:37","date_gmt":"2025-01-24T21:12:37","guid":{"rendered":"https:\/\/shop.kustom.ch\/?post_type=product&#038;p=495858"},"modified":"2026-03-31T10:14:37","modified_gmt":"2026-03-31T09:14:37","slug":"f-terry-pants-man","status":"publish","type":"product","link":"https:\/\/shop.kustom.ch\/fr\/produit\/f-terry-pants-man\/","title":{"rendered":"F. Terry Pants Man"},"content":{"rendered":"<p>Pantalon classique en qualit\u00e9 lourde et French Terry. Poches avant avec bordures c\u00f4tel\u00e9es 2\u00d72. Ceinture \u00e9lastique avec 2\u00d72 bords-c\u00f4tes et cordon de serrage. Le tout ton sur ton. D\u00e9tails dans une couleur m\u00e9tallique argent\u00e9e antique. Poignets aux extr\u00e9mit\u00e9s des jambes. Coutures d\u00e9coratives de style overlock.<\/p>\n<p>Mati\u00e8re : 80% coton biologique commerce \u00e9quitable, 20% polyester recycl\u00e9<\/p>","protected":false},"excerpt":{"rendered":"<p>Klassische Hose in schwerer Qualit\u00e4t und French Terry. Vordertaschen mit 2&#215;2 Rippenb\u00fcndchen. Elastischer Bund mit 2&#215;2 Rippenb\u00fcndchen und Kordelzug. Alles Ton in Ton. Details in einer antiksilbernen Metallic-Farbe. B\u00fcndchen an den Beinenden. Dekorative N\u00e4hte im Overlock-Stil. Material: 80% \u00f6kologisch angebaute Baumwolle Fairtrade, 20% Recycling-Polyester<\/p>","protected":false},"featured_media":495903,"template":"","meta":[],"product_brand":[],"product_cat":[4185],"product_tag":[],"class_list":{"0":"post-495858","1":"product","2":"type-product","3":"status-publish","4":"has-post-thumbnail","6":"product_cat-hosen","7":"pa_brand-cottover","8":"pa_brand-type-sportswear","9":"pa_filter-color-grau","10":"pa_filter-color-schwarz","12":"first","13":"instock","14":"sale","15":"taxable","16":"shipping-taxable","17":"purchasable","18":"product-type-variable","19":"add-to-wishlist-before_image"},"exclude_global_add_ons":[],"addons":[],"acf":[],"_links":{"self":[{"href":"https:\/\/shop.kustom.ch\/fr\/wp-json\/wp\/v2\/product\/495858"}],"collection":[{"href":"https:\/\/shop.kustom.ch\/fr\/wp-json\/wp\/v2\/product"}],"about":[{"href":"https:\/\/shop.kustom.ch\/fr\/wp-json\/wp\/v2\/types\/product"}],"wp:featuredmedia":[{"embeddable":true,"href":"https:\/\/shop.kustom.ch\/fr\/wp-json\/wp\/v2\/media\/495903"}],"wp:attachment":[{"href":"https:\/\/shop.kustom.ch\/fr\/wp-json\/wp\/v2\/media?parent=495858"}],"wp:term":[{"taxonomy":"product_brand","embeddable":true,"href":"https:\/\/shop.kustom.ch\/fr\/wp-json\/wp\/v2\/product_brand?post=495858"},{"taxonomy":"product_cat","embeddable":true,"href":"https:\/\/shop.kustom.ch\/fr\/wp-json\/wp\/v2\/product_cat?post=495858"},{"taxonomy":"product_tag","embeddable":true,"href":"https:\/\/shop.kustom.ch\/fr\/wp-json\/wp\/v2\/product_tag?post=495858"}],"curies":[{"name":"wp","href":"https:\/\/api.w.org\/{rel}","templated":true}]}}