{"id":495856,"date":"2025-01-24T22:12:37","date_gmt":"2025-01-24T21:12:37","guid":{"rendered":"https:\/\/shop.kustom.ch\/?post_type=product&#038;p=495856"},"modified":"2026-03-31T10:19:19","modified_gmt":"2026-03-31T09:19:19","slug":"f-terry-fz-hood-man","status":"publish","type":"product","link":"https:\/\/shop.kustom.ch\/fr\/produit\/f-terry-fz-hood-man\/","title":{"rendered":"F. Terry FZ Hood Man"},"content":{"rendered":"<p>Hoodie classique Full Zip en qualit\u00e9 lourde et French Terry. Bords c\u00f4te 2\u00d72 sur les manches et le bas. Capuche avec double couture et cordon de serrage. Fermeture \u00e0 glissi\u00e8re YKK d'aspect argent\u00e9. Poches lat\u00e9rales avec fermeture \u00e9clair.<\/p>\n<p>Mati\u00e8re : 80% coton biologique commerce \u00e9quitable<br \/>\n20% polyester recycl\u00e9<br \/>\nCouleur 955 :<br \/>\n80% Coton biologique commerce \u00e9quitable<br \/>\n14% polyester recycl\u00e9, 6% viscose<\/p>","protected":false},"excerpt":{"rendered":"<p>Klassischer Full Zip Hoodie in schwerer Qualit\u00e4t und French Terry. Rippb\u00fcndchen 2&#215;2 an den \u00c4rmeln und am unteren Rand. Kapuze mit Doppelnaht und Kordel. YKK Reissverschluss in silber Optik. Seitentaschen mit Reissverschluss. Material: 80% \u00f6kologische angebaute Baumwolle Fairtrade 20% recyceltes Polyester Farbe 955: 80% \u00f6kologische angebaute Baumwolle Fairtrade 14% recyceltes Polyester, 6% Viskose<\/p>","protected":false},"featured_media":495865,"template":"","meta":[],"product_brand":[],"product_cat":[4184],"product_tag":[],"class_list":{"0":"post-495856","1":"product","2":"type-product","3":"status-publish","4":"has-post-thumbnail","6":"product_cat-hoodies-pullover","7":"pa_brand-cottover","8":"pa_brand-type-sportswear","9":"pa_filter-color-blau","10":"pa_filter-color-grau","11":"pa_filter-color-schwarz","13":"first","14":"instock","15":"sale","16":"taxable","17":"shipping-taxable","18":"purchasable","19":"product-type-variable","20":"add-to-wishlist-before_image"},"exclude_global_add_ons":[],"addons":[],"acf":[],"_links":{"self":[{"href":"https:\/\/shop.kustom.ch\/fr\/wp-json\/wp\/v2\/product\/495856"}],"collection":[{"href":"https:\/\/shop.kustom.ch\/fr\/wp-json\/wp\/v2\/product"}],"about":[{"href":"https:\/\/shop.kustom.ch\/fr\/wp-json\/wp\/v2\/types\/product"}],"wp:featuredmedia":[{"embeddable":true,"href":"https:\/\/shop.kustom.ch\/fr\/wp-json\/wp\/v2\/media\/495865"}],"wp:attachment":[{"href":"https:\/\/shop.kustom.ch\/fr\/wp-json\/wp\/v2\/media?parent=495856"}],"wp:term":[{"taxonomy":"product_brand","embeddable":true,"href":"https:\/\/shop.kustom.ch\/fr\/wp-json\/wp\/v2\/product_brand?post=495856"},{"taxonomy":"product_cat","embeddable":true,"href":"https:\/\/shop.kustom.ch\/fr\/wp-json\/wp\/v2\/product_cat?post=495856"},{"taxonomy":"product_tag","embeddable":true,"href":"https:\/\/shop.kustom.ch\/fr\/wp-json\/wp\/v2\/product_tag?post=495856"}],"curies":[{"name":"wp","href":"https:\/\/api.w.org\/{rel}","templated":true}]}}