{"id":495788,"date":"2025-01-24T22:12:17","date_gmt":"2025-01-24T21:12:17","guid":{"rendered":"https:\/\/shop.kustom.ch\/?post_type=product&#038;p=495788"},"modified":"2026-04-01T11:43:33","modified_gmt":"2026-04-01T10:43:33","slug":"f-terry-fz-collar-man","status":"publish","type":"product","link":"https:\/\/shop.kustom.ch\/fr\/produit\/f-terry-fz-collar-man\/","title":{"rendered":"F. Terry FZ Collar Man"},"content":{"rendered":"<p>Cardigan en qualit\u00e9 lourde et French Terry. Fermeture \u00e9clair YKK aspect argent\u00e9. Double col avec 2\u00d72 c\u00f4tes \u00e0 l'int\u00e9rieur et 2\u00d72 c\u00f4tes sur les manches. Ourlet lisse.<\/p>\n<p>Mati\u00e8re : 80% coton biologique commerce \u00e9quitable<br \/>\n20% polyester recycl\u00e9<br \/>\nCouleur 955 :<br \/>\n80% Coton biologique commerce \u00e9quitable<br \/>\n14% polyester recycl\u00e9, 6% viscose<\/p>","protected":false},"excerpt":{"rendered":"<p>Cardigan in schwerer Qualit\u00e4t und French Terry. YKK Reissverschluss in silber Optik. Doppelkragen mit 2&#215;2-Ripp auf der Innenseite und 2&#215;2 Rip an den \u00c4rmeln. Glatter Saumabschluss. Material: 80% \u00f6kologische angebaute Baumwolle Fairtrade 20% recyceltes Polyester Farbe 955: 80% \u00f6kologische angebaute Baumwolle Fairtrade 14% recyceltes Polyester, 6% Viskose<\/p>","protected":false},"featured_media":495816,"template":"","meta":[],"product_brand":[],"product_cat":[4191],"product_tag":[],"class_list":{"0":"post-495788","1":"product","2":"type-product","3":"status-publish","4":"has-post-thumbnail","6":"product_cat-longsleeves-sweatshirts","7":"pa_brand-cottover","8":"pa_brand-type-sportswear","9":"pa_filter-color-blau","10":"pa_filter-color-grau","11":"pa_filter-color-schwarz","13":"first","14":"instock","15":"sale","16":"taxable","17":"shipping-taxable","18":"purchasable","19":"product-type-variable","20":"add-to-wishlist-before_image"},"exclude_global_add_ons":[],"addons":[],"acf":[],"_links":{"self":[{"href":"https:\/\/shop.kustom.ch\/fr\/wp-json\/wp\/v2\/product\/495788"}],"collection":[{"href":"https:\/\/shop.kustom.ch\/fr\/wp-json\/wp\/v2\/product"}],"about":[{"href":"https:\/\/shop.kustom.ch\/fr\/wp-json\/wp\/v2\/types\/product"}],"wp:featuredmedia":[{"embeddable":true,"href":"https:\/\/shop.kustom.ch\/fr\/wp-json\/wp\/v2\/media\/495816"}],"wp:attachment":[{"href":"https:\/\/shop.kustom.ch\/fr\/wp-json\/wp\/v2\/media?parent=495788"}],"wp:term":[{"taxonomy":"product_brand","embeddable":true,"href":"https:\/\/shop.kustom.ch\/fr\/wp-json\/wp\/v2\/product_brand?post=495788"},{"taxonomy":"product_cat","embeddable":true,"href":"https:\/\/shop.kustom.ch\/fr\/wp-json\/wp\/v2\/product_cat?post=495788"},{"taxonomy":"product_tag","embeddable":true,"href":"https:\/\/shop.kustom.ch\/fr\/wp-json\/wp\/v2\/product_tag?post=495788"}],"curies":[{"name":"wp","href":"https:\/\/api.w.org\/{rel}","templated":true}]}}