{"id":495721,"date":"2025-01-24T22:11:52","date_gmt":"2025-01-24T21:11:52","guid":{"rendered":"https:\/\/shop.kustom.ch\/?post_type=product&#038;p=495721"},"modified":"2026-03-31T10:18:50","modified_gmt":"2026-03-31T09:18:50","slug":"f-terry-crew-neck-lady","status":"publish","type":"product","link":"https:\/\/shop.kustom.ch\/fr\/produit\/f-terry-crew-neck-lady\/","title":{"rendered":"F. Terry Crew Neck Lady"},"content":{"rendered":"<p>Pull classique en qualit\u00e9 lourde et French Terry. Bords c\u00f4tes 2\u00d72 au cou, aux poignets et \u00e0 la taille. Coutures d\u00e9coratives de style overlock.<\/p>\n<p>Mati\u00e8re : 80% coton biologique commerce \u00e9quitable, 20% polyester recycl\u00e9<\/p>","protected":false},"excerpt":{"rendered":"<p>Klassischer Pullover in schwerer Qualit\u00e4t und French Terry. 2&#215;2 Rippenb\u00fcndchen am Hals, \u00c4rmelb\u00fcndchen und Bund. Dekorative N\u00e4hte im Overlock-Stil. Material: 80% \u00f6kologisch angebaute Baumwolle Fairtrade, 20% Recycling-Polyester<\/p>","protected":false},"featured_media":495747,"template":"","meta":[],"product_brand":[],"product_cat":[4191],"product_tag":[],"class_list":{"0":"post-495721","1":"product","2":"type-product","3":"status-publish","4":"has-post-thumbnail","6":"product_cat-longsleeves-sweatshirts","7":"pa_brand-cottover","8":"pa_brand-type-sportswear","9":"pa_filter-color-blau","10":"pa_filter-color-grau","11":"pa_filter-color-schwarz","13":"first","14":"instock","15":"sale","16":"taxable","17":"shipping-taxable","18":"purchasable","19":"product-type-variable","20":"add-to-wishlist-before_image"},"exclude_global_add_ons":[],"addons":[],"acf":[],"_links":{"self":[{"href":"https:\/\/shop.kustom.ch\/fr\/wp-json\/wp\/v2\/product\/495721"}],"collection":[{"href":"https:\/\/shop.kustom.ch\/fr\/wp-json\/wp\/v2\/product"}],"about":[{"href":"https:\/\/shop.kustom.ch\/fr\/wp-json\/wp\/v2\/types\/product"}],"wp:featuredmedia":[{"embeddable":true,"href":"https:\/\/shop.kustom.ch\/fr\/wp-json\/wp\/v2\/media\/495747"}],"wp:attachment":[{"href":"https:\/\/shop.kustom.ch\/fr\/wp-json\/wp\/v2\/media?parent=495721"}],"wp:term":[{"taxonomy":"product_brand","embeddable":true,"href":"https:\/\/shop.kustom.ch\/fr\/wp-json\/wp\/v2\/product_brand?post=495721"},{"taxonomy":"product_cat","embeddable":true,"href":"https:\/\/shop.kustom.ch\/fr\/wp-json\/wp\/v2\/product_cat?post=495721"},{"taxonomy":"product_tag","embeddable":true,"href":"https:\/\/shop.kustom.ch\/fr\/wp-json\/wp\/v2\/product_tag?post=495721"}],"curies":[{"name":"wp","href":"https:\/\/api.w.org\/{rel}","templated":true}]}}