{"id":495514,"date":"2025-01-24T22:11:05","date_gmt":"2025-01-24T21:11:05","guid":{"rendered":"https:\/\/shop.kustom.ch\/?post_type=product&#038;p=495514"},"modified":"2026-03-31T10:21:51","modified_gmt":"2026-03-31T09:21:51","slug":"crew-neck-unisex","status":"publish","type":"product","link":"https:\/\/shop.kustom.ch\/fr\/produit\/crew-neck-unisex\/","title":{"rendered":"Col ras du cou unisexe"},"content":{"rendered":"<p>Sweat-shirt \u00e0 col rond avec int\u00e9rieur gratt\u00e9, l\u00e9g\u00e8rement plus fin et avec une coupe plus moderne. Disponible en taille unisexe, taille femme et taille enfant. Poignets c\u00f4tel\u00e9s 2\u00d72 au cou, fentes aux manches et au bas. Coutures d\u00e9coratives tricot\u00e9es ton sur ton.<\/p>\n<p>Mati\u00e8re : 80% coton biologique commerce \u00e9quitable, 20% polyester recycl\u00e9<\/p>","protected":false},"excerpt":{"rendered":"<p>Rundhals Sweatshirt mit gerauter Innenseite, etwas d\u00fcnner und mit modernerem Schnitt. Erh\u00e4ltlich in Unisex Gr\u00f6ssen, Damengr\u00f6sse und Kindergr\u00f6sse. Rippb\u00fcndchen 2&#215;2 am Hals, Schlitze am \u00c4rmel und am unteren Rand. Gestrickte Ziern\u00e4hte Ton in Ton. Material: 80% \u00f6kologisch angebaute Baumwolle Fairtrade, 20% Recycling-Polyester<\/p>","protected":false},"featured_media":495532,"template":"","meta":[],"product_brand":[],"product_cat":[4191],"product_tag":[],"class_list":{"0":"post-495514","1":"product","2":"type-product","3":"status-publish","4":"has-post-thumbnail","6":"product_cat-longsleeves-sweatshirts","7":"pa_brand-cottover","8":"pa_brand-type-sportswear","9":"pa_filter-color-blau","10":"pa_filter-color-gelb","11":"pa_filter-color-grau","12":"pa_filter-color-gruen","13":"pa_filter-color-orange","14":"pa_filter-color-pink","15":"pa_filter-color-rot","16":"pa_filter-color-schwarz","17":"pa_filter-color-violet","18":"pa_filter-color-weiss","20":"first","21":"instock","22":"sale","23":"taxable","24":"shipping-taxable","25":"purchasable","26":"product-type-variable","27":"add-to-wishlist-before_image"},"exclude_global_add_ons":[],"addons":[],"acf":[],"_links":{"self":[{"href":"https:\/\/shop.kustom.ch\/fr\/wp-json\/wp\/v2\/product\/495514"}],"collection":[{"href":"https:\/\/shop.kustom.ch\/fr\/wp-json\/wp\/v2\/product"}],"about":[{"href":"https:\/\/shop.kustom.ch\/fr\/wp-json\/wp\/v2\/types\/product"}],"wp:featuredmedia":[{"embeddable":true,"href":"https:\/\/shop.kustom.ch\/fr\/wp-json\/wp\/v2\/media\/495532"}],"wp:attachment":[{"href":"https:\/\/shop.kustom.ch\/fr\/wp-json\/wp\/v2\/media?parent=495514"}],"wp:term":[{"taxonomy":"product_brand","embeddable":true,"href":"https:\/\/shop.kustom.ch\/fr\/wp-json\/wp\/v2\/product_brand?post=495514"},{"taxonomy":"product_cat","embeddable":true,"href":"https:\/\/shop.kustom.ch\/fr\/wp-json\/wp\/v2\/product_cat?post=495514"},{"taxonomy":"product_tag","embeddable":true,"href":"https:\/\/shop.kustom.ch\/fr\/wp-json\/wp\/v2\/product_tag?post=495514"}],"curies":[{"name":"wp","href":"https:\/\/api.w.org\/{rel}","templated":true}]}}