{"id":495376,"date":"2025-01-24T22:10:03","date_gmt":"2025-01-24T21:10:03","guid":{"rendered":"https:\/\/shop.kustom.ch\/?post_type=product&#038;p=495376"},"modified":"2026-03-31T10:17:07","modified_gmt":"2026-03-31T09:17:07","slug":"combi-apron","status":"publish","type":"product","link":"https:\/\/shop.kustom.ch\/fr\/produit\/combi-apron\/","title":{"rendered":"Combi Apron"},"content":{"rendered":"<p>Tablier \u00e0 double fonction. Utilisation comme tablier \u00e0 bavette avec bande de cou r\u00e9glable ou comme tablier \u00e0 hanches. La bavette peut \u00eatre rabattue et cach\u00e9e. La poche avant plaqu\u00e9e est divis\u00e9e en deux et une bande \u00e0 nouer \u00e0 la taille. Version en twill avec coutures d\u00e9coratives ton sur ton, le tablier en denim a des coutures jaunes.<\/p>\n<p>Mat\u00e9riau : 100% coton biologique commerce \u00e9quitable<\/p>","protected":false},"excerpt":{"rendered":"<p>Sch\u00fcrze mit Doppelfunktion. Verwendung als Latzsch\u00fcrze mit verstellbarem Nackenband oder als H\u00fcftsch\u00fcrze. Der Latz kann heruntergeklappt und versteckt werden. Die aufgesetzte Fronttasche ist in der Mitte geteilt und Bindeband in der Taille. Twill Version mit Ziern\u00e4hten Ton in Ton, die Denim-Sch\u00fcrze hat gelbe N\u00e4hte. Material: 100% \u00f6kologisch angebaute Baumwolle Fairtrade<\/p>","protected":false},"featured_media":495422,"template":"","meta":[],"product_brand":[],"product_cat":[4209],"product_tag":[],"class_list":{"0":"post-495376","1":"product","2":"type-product","3":"status-publish","4":"has-post-thumbnail","6":"product_cat-zubehoer","7":"pa_brand-cottover","8":"pa_brand-type-sportswear","9":"pa_filter-color-blau","10":"pa_filter-color-gruen","11":"pa_filter-color-schwarz","13":"first","14":"instock","15":"sale","16":"taxable","17":"shipping-taxable","18":"purchasable","19":"product-type-variable","20":"add-to-wishlist-before_image"},"exclude_global_add_ons":[],"addons":[],"acf":[],"_links":{"self":[{"href":"https:\/\/shop.kustom.ch\/fr\/wp-json\/wp\/v2\/product\/495376"}],"collection":[{"href":"https:\/\/shop.kustom.ch\/fr\/wp-json\/wp\/v2\/product"}],"about":[{"href":"https:\/\/shop.kustom.ch\/fr\/wp-json\/wp\/v2\/types\/product"}],"wp:featuredmedia":[{"embeddable":true,"href":"https:\/\/shop.kustom.ch\/fr\/wp-json\/wp\/v2\/media\/495422"}],"wp:attachment":[{"href":"https:\/\/shop.kustom.ch\/fr\/wp-json\/wp\/v2\/media?parent=495376"}],"wp:term":[{"taxonomy":"product_brand","embeddable":true,"href":"https:\/\/shop.kustom.ch\/fr\/wp-json\/wp\/v2\/product_brand?post=495376"},{"taxonomy":"product_cat","embeddable":true,"href":"https:\/\/shop.kustom.ch\/fr\/wp-json\/wp\/v2\/product_cat?post=495376"},{"taxonomy":"product_tag","embeddable":true,"href":"https:\/\/shop.kustom.ch\/fr\/wp-json\/wp\/v2\/product_tag?post=495376"}],"curies":[{"name":"wp","href":"https:\/\/api.w.org\/{rel}","templated":true}]}}