{"id":495375,"date":"2025-01-24T22:10:03","date_gmt":"2025-01-24T21:10:03","guid":{"rendered":"https:\/\/shop.kustom.ch\/?post_type=product&#038;p=495375"},"modified":"2026-03-31T10:15:04","modified_gmt":"2026-03-31T09:15:04","slug":"canvas-toilet-case","status":"publish","type":"product","link":"https:\/\/shop.kustom.ch\/fr\/produit\/canvas-toilet-case\/","title":{"rendered":"Toilet Case en toile"},"content":{"rendered":"<p>Petite trousse de toilette. Un grand compartiment int\u00e9rieur et deux petits compartiments secondaires. D\u00e9tails en m\u00e9tal de couleur bronze avec finition antique. Fermetures \u00e9clair YKK, doublure int\u00e9rieure noire dans les deux couleurs.<\/p>\n<p>Mat\u00e9riau : 100% coton biologique commerce \u00e9quitable<\/p>","protected":false},"excerpt":{"rendered":"<p>Kleines Necessaire. Ein grosses Innenfach und zwei kleinere Nebenf\u00e4cher. Bronzefarbene Details aus Metall mit antikem Finish. YKK Reissverschl\u00fcsse, schwarzes Innenfutter in beiden Farben. Material: 100% \u00f6kologisch angebaute Baumwolle Fairtrade<\/p>","protected":false},"featured_media":495418,"template":"","meta":[],"product_brand":[],"product_cat":[4195,4209],"product_tag":[],"class_list":{"0":"post-495375","1":"product","2":"type-product","3":"status-publish","4":"has-post-thumbnail","6":"product_cat-rucksaecke-taschen","7":"product_cat-zubehoer","8":"pa_brand-cottover","9":"pa_brand-type-sportswear","10":"pa_filter-color-gruen","11":"pa_filter-color-schwarz","13":"first","14":"instock","15":"sale","16":"taxable","17":"shipping-taxable","18":"purchasable","19":"product-type-variable","20":"add-to-wishlist-before_image"},"exclude_global_add_ons":[],"addons":[],"acf":[],"_links":{"self":[{"href":"https:\/\/shop.kustom.ch\/fr\/wp-json\/wp\/v2\/product\/495375"}],"collection":[{"href":"https:\/\/shop.kustom.ch\/fr\/wp-json\/wp\/v2\/product"}],"about":[{"href":"https:\/\/shop.kustom.ch\/fr\/wp-json\/wp\/v2\/types\/product"}],"wp:featuredmedia":[{"embeddable":true,"href":"https:\/\/shop.kustom.ch\/fr\/wp-json\/wp\/v2\/media\/495418"}],"wp:attachment":[{"href":"https:\/\/shop.kustom.ch\/fr\/wp-json\/wp\/v2\/media?parent=495375"}],"wp:term":[{"taxonomy":"product_brand","embeddable":true,"href":"https:\/\/shop.kustom.ch\/fr\/wp-json\/wp\/v2\/product_brand?post=495375"},{"taxonomy":"product_cat","embeddable":true,"href":"https:\/\/shop.kustom.ch\/fr\/wp-json\/wp\/v2\/product_cat?post=495375"},{"taxonomy":"product_tag","embeddable":true,"href":"https:\/\/shop.kustom.ch\/fr\/wp-json\/wp\/v2\/product_tag?post=495375"}],"curies":[{"name":"wp","href":"https:\/\/api.w.org\/{rel}","templated":true}]}}