{"id":495277,"date":"2025-01-24T01:06:55","date_gmt":"2025-01-24T00:06:55","guid":{"rendered":"https:\/\/shop.kustom.ch\/?post_type=product&#038;p=495277"},"modified":"2026-03-31T13:13:34","modified_gmt":"2026-03-31T12:13:34","slug":"weekend-duffle","status":"publish","type":"product","link":"https:\/\/shop.kustom.ch\/fr\/produit\/weekend-duffle\/","title":{"rendered":"Week-end Duffle"},"content":{"rendered":"<p>Un grand compartiment principal avec fermeture \u00e9clair technique, deux petites poches int\u00e9rieures et deux poches ext\u00e9rieures avec fermeture velcro. La bandouli\u00e8re avec un rembourrage est plac\u00e9e en diagonale pour un transport confortable. Dimensions et volume : 57x43x21cm \u2248 51,5L<\/p>\n<p>Mat\u00e9riaux : Mat\u00e9riau : polyester 300D ; Doublure : polyester 210D PU ; Fond : polyester 1680D<\/p>","protected":false},"excerpt":{"rendered":"<p>Ein grosses Haupfach mit technischem Reissverschluss, zwei kleineren Innentaschen plus zwei Aussentaschen mit Klett Verschluss. Der Schultergurt mit einem Polster ist diagonal angebracht zum bequemen Tragen. Abmessungen und Volumen: 57x43x21cm \u2248 51,5L Material: Material: 300D Polyester ; Futter: 210D Polyester PU ; Boden: 1680D Polyester<\/p>","protected":false},"featured_media":495302,"template":"","meta":[],"product_brand":[],"product_cat":[4195,4209],"product_tag":[],"class_list":{"0":"post-495277","1":"product","2":"type-product","3":"status-publish","4":"has-post-thumbnail","6":"product_cat-rucksaecke-taschen","7":"product_cat-zubehoer","8":"pa_brand-clique","9":"pa_brand-type-sportswear","10":"pa_filter-color-grau","12":"first","13":"instock","14":"sale","15":"taxable","16":"shipping-taxable","17":"purchasable","18":"product-type-variable","19":"add-to-wishlist-before_image"},"exclude_global_add_ons":[],"addons":[],"acf":[],"_links":{"self":[{"href":"https:\/\/shop.kustom.ch\/fr\/wp-json\/wp\/v2\/product\/495277"}],"collection":[{"href":"https:\/\/shop.kustom.ch\/fr\/wp-json\/wp\/v2\/product"}],"about":[{"href":"https:\/\/shop.kustom.ch\/fr\/wp-json\/wp\/v2\/types\/product"}],"wp:featuredmedia":[{"embeddable":true,"href":"https:\/\/shop.kustom.ch\/fr\/wp-json\/wp\/v2\/media\/495302"}],"wp:attachment":[{"href":"https:\/\/shop.kustom.ch\/fr\/wp-json\/wp\/v2\/media?parent=495277"}],"wp:term":[{"taxonomy":"product_brand","embeddable":true,"href":"https:\/\/shop.kustom.ch\/fr\/wp-json\/wp\/v2\/product_brand?post=495277"},{"taxonomy":"product_cat","embeddable":true,"href":"https:\/\/shop.kustom.ch\/fr\/wp-json\/wp\/v2\/product_cat?post=495277"},{"taxonomy":"product_tag","embeddable":true,"href":"https:\/\/shop.kustom.ch\/fr\/wp-json\/wp\/v2\/product_tag?post=495277"}],"curies":[{"name":"wp","href":"https:\/\/api.w.org\/{rel}","templated":true}]}}