{"id":495210,"date":"2025-01-24T01:06:36","date_gmt":"2025-01-24T00:06:36","guid":{"rendered":"https:\/\/shop.kustom.ch\/?post_type=product&#038;p=495210"},"modified":"2026-03-31T13:21:37","modified_gmt":"2026-03-31T12:21:37","slug":"waco-women","status":"publish","type":"product","link":"https:\/\/shop.kustom.ch\/fr\/produit\/waco-women\/","title":{"rendered":"Waco Femmes"},"content":{"rendered":"<p>Veste hardshell fonctionnelle avec de nombreux d\u00e9tails. Fermeture \u00e9clair \u00e9tanche sur les poches de poitrine et lat\u00e9rales, poche int\u00e9rieure avec fermeture \u00e9clair. Capuche r\u00e9glable, poignets verrouillables et cordon de serrage \u00e0 la taille. Colonne d'eau WP 5000 \/ respirabilit\u00e9 MVP 3000.<\/p>\n<p>Mati\u00e8re : Polyester 100% ; WP 5000\/MVP 3000<\/p>","protected":false},"excerpt":{"rendered":"<p>Funktionelle Hardshell Jacke mit vielen Details. Wasserdichter Reissverschluss an Brust- und Seitentaschen, Innentasche mit Reissverschluss. Einstellbare Kapuze, verschliessbare Manschetten und Tunnelzug im Bund. Wassers\u00e4ule WP 5000 \/ Atmungaktivit\u00e4t MVP 3000. Material: 100% Polyester ; WP 5000\/MVP 3000<\/p>","protected":false},"featured_media":495248,"template":"","meta":[],"product_brand":[],"product_cat":[4186],"product_tag":[],"class_list":{"0":"post-495210","1":"product","2":"type-product","3":"status-publish","4":"has-post-thumbnail","6":"product_cat-jacken","7":"pa_brand-clique","8":"pa_brand-type-sportswear","9":"pa_filter-color-blau","10":"pa_filter-color-schwarz","12":"first","13":"instock","14":"sale","15":"taxable","16":"shipping-taxable","17":"purchasable","18":"product-type-variable","19":"add-to-wishlist-before_image"},"exclude_global_add_ons":[],"addons":[],"acf":[],"_links":{"self":[{"href":"https:\/\/shop.kustom.ch\/fr\/wp-json\/wp\/v2\/product\/495210"}],"collection":[{"href":"https:\/\/shop.kustom.ch\/fr\/wp-json\/wp\/v2\/product"}],"about":[{"href":"https:\/\/shop.kustom.ch\/fr\/wp-json\/wp\/v2\/types\/product"}],"wp:featuredmedia":[{"embeddable":true,"href":"https:\/\/shop.kustom.ch\/fr\/wp-json\/wp\/v2\/media\/495248"}],"wp:attachment":[{"href":"https:\/\/shop.kustom.ch\/fr\/wp-json\/wp\/v2\/media?parent=495210"}],"wp:term":[{"taxonomy":"product_brand","embeddable":true,"href":"https:\/\/shop.kustom.ch\/fr\/wp-json\/wp\/v2\/product_brand?post=495210"},{"taxonomy":"product_cat","embeddable":true,"href":"https:\/\/shop.kustom.ch\/fr\/wp-json\/wp\/v2\/product_cat?post=495210"},{"taxonomy":"product_tag","embeddable":true,"href":"https:\/\/shop.kustom.ch\/fr\/wp-json\/wp\/v2\/product_tag?post=495210"}],"curies":[{"name":"wp","href":"https:\/\/api.w.org\/{rel}","templated":true}]}}