{"id":495143,"date":"2025-01-24T01:06:11","date_gmt":"2025-01-24T00:06:11","guid":{"rendered":"https:\/\/shop.kustom.ch\/?post_type=product&#038;p=495143"},"modified":"2026-03-31T13:14:39","modified_gmt":"2026-03-31T12:14:39","slug":"utah-vest-women","status":"publish","type":"product","link":"https:\/\/shop.kustom.ch\/fr\/produit\/utah-vest-women\/","title":{"rendered":"Gilet Utah Femme"},"content":{"rendered":"<p>Un gilet de coupe moderne, l\u00e9g\u00e8rement matelass\u00e9, avec de grandes zones r\u00e9fl\u00e9chissantes. Fermeture \u00e0 glissi\u00e8re principale \u00e9tanche et deux poches lat\u00e9rales avec fermeture \u00e0 glissi\u00e8re. Poche de poitrine cach\u00e9e et deux poches int\u00e9rieures. Passage pour \u00e9couteurs, une \u00e9tiquette facile \u00e0 enlever pour le rebranding.<\/p>\n<p>Mati\u00e8re : 100% Spun Dyed Polyester ; 100% Polyester, avec rev\u00eatement r\u00e9fl\u00e9chissant.<\/p>","protected":false},"excerpt":{"rendered":"<p>Eine modern geschnittene, leicht wattierte Weste mit grossen, reflektierenden Bereichen. Wasserdichter Hauptreissverschluss und zwei Seitentaschen mit Reissverschluss. Versteckte Brusttasche und zwei Innentaschen. Kopfh\u00f6rer\u00fchrung, ein leicht abnehmbares Etikett f\u00fcr Rebranding. Material: 100% Spun Dyed Polyester ; 100% Polyester, mit reflektierender Beschichtung.<\/p>","protected":false},"featured_media":495182,"template":"","meta":[],"product_brand":[],"product_cat":[4186],"product_tag":[],"class_list":{"0":"post-495143","1":"product","2":"type-product","3":"status-publish","4":"has-post-thumbnail","6":"product_cat-jacken","7":"pa_brand-clique","8":"pa_brand-type-sportswear","9":"pa_filter-color-weiss","11":"first","12":"instock","13":"sale","14":"taxable","15":"shipping-taxable","16":"purchasable","17":"product-type-variable","18":"add-to-wishlist-before_image"},"exclude_global_add_ons":[],"addons":[],"acf":[],"_links":{"self":[{"href":"https:\/\/shop.kustom.ch\/fr\/wp-json\/wp\/v2\/product\/495143"}],"collection":[{"href":"https:\/\/shop.kustom.ch\/fr\/wp-json\/wp\/v2\/product"}],"about":[{"href":"https:\/\/shop.kustom.ch\/fr\/wp-json\/wp\/v2\/types\/product"}],"wp:featuredmedia":[{"embeddable":true,"href":"https:\/\/shop.kustom.ch\/fr\/wp-json\/wp\/v2\/media\/495182"}],"wp:attachment":[{"href":"https:\/\/shop.kustom.ch\/fr\/wp-json\/wp\/v2\/media?parent=495143"}],"wp:term":[{"taxonomy":"product_brand","embeddable":true,"href":"https:\/\/shop.kustom.ch\/fr\/wp-json\/wp\/v2\/product_brand?post=495143"},{"taxonomy":"product_cat","embeddable":true,"href":"https:\/\/shop.kustom.ch\/fr\/wp-json\/wp\/v2\/product_cat?post=495143"},{"taxonomy":"product_tag","embeddable":true,"href":"https:\/\/shop.kustom.ch\/fr\/wp-json\/wp\/v2\/product_tag?post=495143"}],"curies":[{"name":"wp","href":"https:\/\/api.w.org\/{rel}","templated":true}]}}