{"id":495070,"date":"2025-01-24T01:05:46","date_gmt":"2025-01-24T00:05:46","guid":{"rendered":"https:\/\/shop.kustom.ch\/?post_type=product&#038;p=495070"},"modified":"2026-03-31T13:20:38","modified_gmt":"2026-03-31T12:20:38","slug":"utah-jacket","status":"publish","type":"product","link":"https:\/\/shop.kustom.ch\/fr\/produit\/utah-jacket\/","title":{"rendered":"Veste Utah"},"content":{"rendered":"<p>Une veste \u00e0 la coupe moderne, l\u00e9g\u00e8rement matelass\u00e9e. La couleur 949 pr\u00e9sente de grandes zones r\u00e9fl\u00e9chissantes. La fermeture \u00e9clair principale et deux poches lat\u00e9rales sont \u00e9quip\u00e9es de fermetures \u00e9clair \u00e9tanches. Passage pour \u00e9couteurs, une \u00e9tiquette facilement amovible pour le rebranding. Une fermeture \u00e9clair dans la doublure facilite l'impression ou la broderie.<\/p>\n<p>Mati\u00e8re : 100% Spun Dyed Polyester ; 100% Polyester, avec rev\u00eatement r\u00e9fl\u00e9chissant.<\/p>","protected":false},"excerpt":{"rendered":"<p>Eine modern geschnittene, leicht wattierte Jacke. Die Farbe 949 hat grosse, reflektierende Bereiche. Der Hauptreissverschluss und zwei Seitentaschen sind mit wasserdichten Reissverschl\u00fcssen. Kopfh\u00f6rerf\u00fchrung, ein leicht abnehmbares Etikett f\u00fcr Rebranding. Ein Reissverschluss im Futter erleichtert das Bedrucken oder Besticken. Material: 100% Spun Dyed Polyester ; 100% Polyester, mit reflektierender Beschichtung.<\/p>","protected":false},"featured_media":495140,"template":"","meta":[],"product_brand":[],"product_cat":[4186],"product_tag":[],"class_list":{"0":"post-495070","1":"product","2":"type-product","3":"status-publish","4":"has-post-thumbnail","6":"product_cat-jacken","7":"pa_brand-clique","8":"pa_brand-type-sportswear","9":"pa_filter-color-schwarz","10":"pa_filter-color-weiss","12":"first","13":"instock","14":"sale","15":"taxable","16":"shipping-taxable","17":"purchasable","18":"product-type-variable","19":"add-to-wishlist-before_image"},"exclude_global_add_ons":[],"addons":[],"acf":[],"_links":{"self":[{"href":"https:\/\/shop.kustom.ch\/fr\/wp-json\/wp\/v2\/product\/495070"}],"collection":[{"href":"https:\/\/shop.kustom.ch\/fr\/wp-json\/wp\/v2\/product"}],"about":[{"href":"https:\/\/shop.kustom.ch\/fr\/wp-json\/wp\/v2\/types\/product"}],"wp:featuredmedia":[{"embeddable":true,"href":"https:\/\/shop.kustom.ch\/fr\/wp-json\/wp\/v2\/media\/495140"}],"wp:attachment":[{"href":"https:\/\/shop.kustom.ch\/fr\/wp-json\/wp\/v2\/media?parent=495070"}],"wp:term":[{"taxonomy":"product_brand","embeddable":true,"href":"https:\/\/shop.kustom.ch\/fr\/wp-json\/wp\/v2\/product_brand?post=495070"},{"taxonomy":"product_cat","embeddable":true,"href":"https:\/\/shop.kustom.ch\/fr\/wp-json\/wp\/v2\/product_cat?post=495070"},{"taxonomy":"product_tag","embeddable":true,"href":"https:\/\/shop.kustom.ch\/fr\/wp-json\/wp\/v2\/product_tag?post=495070"}],"curies":[{"name":"wp","href":"https:\/\/api.w.org\/{rel}","templated":true}]}}