{"id":494999,"date":"2025-01-24T01:05:28","date_gmt":"2025-01-24T00:05:28","guid":{"rendered":"https:\/\/shop.kustom.ch\/?post_type=product&#038;p=494999"},"modified":"2026-03-31T13:18:11","modified_gmt":"2026-03-31T12:18:11","slug":"stretch-shirt-l-s","status":"publish","type":"product","link":"https:\/\/shop.kustom.ch\/fr\/produit\/stretch-shirt-l-s\/","title":{"rendered":"Chemise stretch L\/S"},"content":{"rendered":"<p>Chemise stretch \u00e0 manches longues avec patte de boutonnage et coupe normale. Fermeture \u00e0 boutons sur la manche, une poche de poitrine sur le mod\u00e8le homme. Empi\u00e8cement dans le dos.<\/p>\n<p>Mati\u00e8re : 97% coton, 3% \u00e9lasthanne<\/p>","protected":false},"excerpt":{"rendered":"<p>Lang\u00e4rmeliges Stretchhemd mit Knopfleiste und normaler Passform. Knopfverschluss am \u00c4rmel, eine Brusttasche beim M\u00e4nnermodell. Passe auf dem R\u00fccken. Material: 97% Baumwolle, 3% Elasthan<\/p>","protected":false},"featured_media":495029,"template":"","meta":[],"product_brand":[],"product_cat":[9874],"product_tag":[],"class_list":{"0":"post-494999","1":"product","2":"type-product","3":"status-publish","4":"has-post-thumbnail","6":"product_cat-hemden","7":"pa_brand-clique","8":"pa_brand-type-sportswear","9":"pa_filter-color-blau","10":"pa_filter-color-schwarz","11":"pa_filter-color-weiss","13":"first","14":"instock","15":"sale","16":"taxable","17":"shipping-taxable","18":"purchasable","19":"product-type-variable","20":"add-to-wishlist-before_image"},"exclude_global_add_ons":[],"addons":[],"acf":[],"_links":{"self":[{"href":"https:\/\/shop.kustom.ch\/fr\/wp-json\/wp\/v2\/product\/494999"}],"collection":[{"href":"https:\/\/shop.kustom.ch\/fr\/wp-json\/wp\/v2\/product"}],"about":[{"href":"https:\/\/shop.kustom.ch\/fr\/wp-json\/wp\/v2\/types\/product"}],"wp:featuredmedia":[{"embeddable":true,"href":"https:\/\/shop.kustom.ch\/fr\/wp-json\/wp\/v2\/media\/495029"}],"wp:attachment":[{"href":"https:\/\/shop.kustom.ch\/fr\/wp-json\/wp\/v2\/media?parent=494999"}],"wp:term":[{"taxonomy":"product_brand","embeddable":true,"href":"https:\/\/shop.kustom.ch\/fr\/wp-json\/wp\/v2\/product_brand?post=494999"},{"taxonomy":"product_cat","embeddable":true,"href":"https:\/\/shop.kustom.ch\/fr\/wp-json\/wp\/v2\/product_cat?post=494999"},{"taxonomy":"product_tag","embeddable":true,"href":"https:\/\/shop.kustom.ch\/fr\/wp-json\/wp\/v2\/product_tag?post=494999"}],"curies":[{"name":"wp","href":"https:\/\/api.w.org\/{rel}","templated":true}]}}