{"id":494665,"date":"2025-01-24T01:03:49","date_gmt":"2025-01-24T00:03:49","guid":{"rendered":"https:\/\/shop.kustom.ch\/?post_type=product&#038;p=494665"},"modified":"2026-03-31T13:13:10","modified_gmt":"2026-03-31T12:13:10","slug":"sportbag","status":"publish","type":"product","link":"https:\/\/shop.kustom.ch\/fr\/produit\/sportbag\/","title":{"rendered":"Sac de sport"},"content":{"rendered":"<p>Sac de sport avec compartiment sp\u00e9cial pour les chaussures. Passepoil r\u00e9fl\u00e9chissant et bandouli\u00e8re rembourr\u00e9e amovible. Poche ext\u00e9rieure avec fermeture \u00e9clair. Dimensions et volume : 54x30x27cm \u2248 41L<\/p>\n<p>Mat\u00e9riau : polyester 600D avec rev\u00eatement PVC<\/p>","protected":false},"excerpt":{"rendered":"<p>Sporttasche mit speziellem Schuhfach. Reflektierende Paspelierung und ein abnehmbarer, gepolsterter Schultergurt. Aussentasche mit Reissverschluss. Abmessungen und Volumen: 54x30x27cm \u2248 41L Material: 600D Polyester mit PVC Beschichtung<\/p>","protected":false},"featured_media":494738,"template":"","meta":[],"product_brand":[],"product_cat":[4195,4209],"product_tag":[],"class_list":{"0":"post-494665","1":"product","2":"type-product","3":"status-publish","4":"has-post-thumbnail","6":"product_cat-rucksaecke-taschen","7":"product_cat-zubehoer","8":"pa_brand-clique","9":"pa_brand-type-sportswear","10":"pa_filter-color-blau","11":"pa_filter-color-rot","12":"pa_filter-color-schwarz","14":"first","15":"instock","16":"sale","17":"taxable","18":"shipping-taxable","19":"purchasable","20":"product-type-variable","21":"add-to-wishlist-before_image"},"exclude_global_add_ons":[],"addons":[],"acf":[],"_links":{"self":[{"href":"https:\/\/shop.kustom.ch\/fr\/wp-json\/wp\/v2\/product\/494665"}],"collection":[{"href":"https:\/\/shop.kustom.ch\/fr\/wp-json\/wp\/v2\/product"}],"about":[{"href":"https:\/\/shop.kustom.ch\/fr\/wp-json\/wp\/v2\/types\/product"}],"wp:featuredmedia":[{"embeddable":true,"href":"https:\/\/shop.kustom.ch\/fr\/wp-json\/wp\/v2\/media\/494738"}],"wp:attachment":[{"href":"https:\/\/shop.kustom.ch\/fr\/wp-json\/wp\/v2\/media?parent=494665"}],"wp:term":[{"taxonomy":"product_brand","embeddable":true,"href":"https:\/\/shop.kustom.ch\/fr\/wp-json\/wp\/v2\/product_brand?post=494665"},{"taxonomy":"product_cat","embeddable":true,"href":"https:\/\/shop.kustom.ch\/fr\/wp-json\/wp\/v2\/product_cat?post=494665"},{"taxonomy":"product_tag","embeddable":true,"href":"https:\/\/shop.kustom.ch\/fr\/wp-json\/wp\/v2\/product_tag?post=494665"}],"curies":[{"name":"wp","href":"https:\/\/api.w.org\/{rel}","templated":true}]}}