{"id":494594,"date":"2025-01-24T01:03:31","date_gmt":"2025-01-24T00:03:31","guid":{"rendered":"https:\/\/shop.kustom.ch\/?post_type=product&#038;p=494594"},"modified":"2026-03-31T13:19:15","modified_gmt":"2026-03-31T12:19:15","slug":"slub-t","status":"publish","type":"product","link":"https:\/\/shop.kustom.ch\/fr\/produit\/slub-t\/","title":{"rendered":"Slub-T"},"content":{"rendered":"<p>Un t-shirt tr\u00e8s tendance. Le coton Slub Yarn est ring-spun, pr\u00e9-r\u00e9tr\u00e9ci et trait\u00e9 aux enzymes. Avec bande de cou et coutures lat\u00e9rales. Une \u00e9tiquette facilement d\u00e9tachable pour le rebranding.<\/p>\n<p>Mati\u00e8re : 100% coton<\/p>","protected":false},"excerpt":{"rendered":"<p>Ein trendiges T-Shirt. Die Slub Yarn Baumwolle ist ringgesponnen, vorgeschrumpft und enzymbehandelt. Mit Nackenband und Seitenn\u00e4hten. Ein leicht abnehmbares Etikett f\u00fcr Rebranding. Material: 100% Baumwolle<\/p>","protected":false},"featured_media":494649,"template":"","meta":[],"product_brand":[],"product_cat":[4201],"product_tag":[],"class_list":{"0":"post-494594","1":"product","2":"type-product","3":"status-publish","4":"has-post-thumbnail","6":"product_cat-t-shirts","7":"pa_brand-clique","8":"pa_brand-type-sportswear","9":"pa_filter-color-blau","10":"pa_filter-color-grau","11":"pa_filter-color-schwarz","12":"pa_filter-color-weiss","14":"first","15":"instock","16":"sale","17":"taxable","18":"shipping-taxable","19":"purchasable","20":"product-type-variable","21":"add-to-wishlist-before_image"},"exclude_global_add_ons":[],"addons":[],"acf":[],"_links":{"self":[{"href":"https:\/\/shop.kustom.ch\/fr\/wp-json\/wp\/v2\/product\/494594"}],"collection":[{"href":"https:\/\/shop.kustom.ch\/fr\/wp-json\/wp\/v2\/product"}],"about":[{"href":"https:\/\/shop.kustom.ch\/fr\/wp-json\/wp\/v2\/types\/product"}],"wp:featuredmedia":[{"embeddable":true,"href":"https:\/\/shop.kustom.ch\/fr\/wp-json\/wp\/v2\/media\/494649"}],"wp:attachment":[{"href":"https:\/\/shop.kustom.ch\/fr\/wp-json\/wp\/v2\/media?parent=494594"}],"wp:term":[{"taxonomy":"product_brand","embeddable":true,"href":"https:\/\/shop.kustom.ch\/fr\/wp-json\/wp\/v2\/product_brand?post=494594"},{"taxonomy":"product_cat","embeddable":true,"href":"https:\/\/shop.kustom.ch\/fr\/wp-json\/wp\/v2\/product_cat?post=494594"},{"taxonomy":"product_tag","embeddable":true,"href":"https:\/\/shop.kustom.ch\/fr\/wp-json\/wp\/v2\/product_tag?post=494594"}],"curies":[{"name":"wp","href":"https:\/\/api.w.org\/{rel}","templated":true}]}}