{"id":494593,"date":"2025-01-24T01:03:31","date_gmt":"2025-01-24T00:03:31","guid":{"rendered":"https:\/\/shop.kustom.ch\/?post_type=product&#038;p=494593"},"modified":"2026-03-31T13:19:20","modified_gmt":"2026-03-31T12:19:20","slug":"slub-tanktop-women","status":"publish","type":"product","link":"https:\/\/shop.kustom.ch\/fr\/produit\/slub-tanktop-women\/","title":{"rendered":"D\u00e9bardeur Slub Femmes"},"content":{"rendered":"<p>Un d\u00e9bardeur cintr\u00e9 tr\u00e8s tendance. Le coton Slub Yarn est ring-spun, pr\u00e9-r\u00e9tr\u00e9ci et trait\u00e9 aux enzymes. Avec des coutures lat\u00e9rales et un trou dans le dos. Une \u00e9tiquette facilement d\u00e9tachable pour le rebranding.<\/p>\n<p>Mati\u00e8re : 100% coton<\/p>","protected":false},"excerpt":{"rendered":"<p>Ein trendiges, tailliertes Tanktop. Die Slub Yarn Baumwolle ist ringgesponnen, vorgeschrumpft und enzymbehandelt. Mit Seitenn\u00e4hten und einem Loch am R\u00fccken. Ein leicht abnehmbares Etikett f\u00fcr Rebranding. Material: 100% Baumwolle<\/p>","protected":false},"featured_media":494635,"template":"","meta":[],"product_brand":[],"product_cat":[4202],"product_tag":[],"class_list":{"0":"post-494593","1":"product","2":"type-product","3":"status-publish","4":"has-post-thumbnail","6":"product_cat-tank-tops","7":"pa_brand-clique","8":"pa_brand-type-sportswear","9":"pa_filter-color-schwarz","10":"pa_filter-color-weiss","12":"first","13":"instock","14":"sale","15":"taxable","16":"shipping-taxable","17":"purchasable","18":"product-type-variable","19":"add-to-wishlist-before_image"},"exclude_global_add_ons":[],"addons":[],"acf":[],"_links":{"self":[{"href":"https:\/\/shop.kustom.ch\/fr\/wp-json\/wp\/v2\/product\/494593"}],"collection":[{"href":"https:\/\/shop.kustom.ch\/fr\/wp-json\/wp\/v2\/product"}],"about":[{"href":"https:\/\/shop.kustom.ch\/fr\/wp-json\/wp\/v2\/types\/product"}],"wp:featuredmedia":[{"embeddable":true,"href":"https:\/\/shop.kustom.ch\/fr\/wp-json\/wp\/v2\/media\/494635"}],"wp:attachment":[{"href":"https:\/\/shop.kustom.ch\/fr\/wp-json\/wp\/v2\/media?parent=494593"}],"wp:term":[{"taxonomy":"product_brand","embeddable":true,"href":"https:\/\/shop.kustom.ch\/fr\/wp-json\/wp\/v2\/product_brand?post=494593"},{"taxonomy":"product_cat","embeddable":true,"href":"https:\/\/shop.kustom.ch\/fr\/wp-json\/wp\/v2\/product_cat?post=494593"},{"taxonomy":"product_tag","embeddable":true,"href":"https:\/\/shop.kustom.ch\/fr\/wp-json\/wp\/v2\/product_tag?post=494593"}],"curies":[{"name":"wp","href":"https:\/\/api.w.org\/{rel}","templated":true}]}}