{"id":494463,"date":"2025-01-24T01:02:42","date_gmt":"2025-01-24T00:02:42","guid":{"rendered":"https:\/\/shop.kustom.ch\/?post_type=product&#038;p=494463"},"modified":"2026-03-31T13:19:25","modified_gmt":"2026-03-31T12:19:25","slug":"seattle","status":"publish","type":"product","link":"https:\/\/shop.kustom.ch\/fr\/produit\/seattle\/","title":{"rendered":"Seattle"},"content":{"rendered":"<p>Polo avec boutons de couleur contrast\u00e9e, patte de boutonnage, bande d'encolure et fentes lat\u00e9rales. Bandes contrast\u00e9es au col et aux poignets. Avec 3 boutons pour les hommes et 4 boutons pour les femmes.<\/p>\n<p>Mati\u00e8re : 100% coton<\/p>","protected":false},"excerpt":{"rendered":"<p>Polo Shirt mit kontrastfarbenen Kn\u00f6pfen, Knopfleiste, Nackenband und Seitenschlitzen. Kontraststreifen am Kragen und \u00c4rmelb\u00fcndchen. Mit 3 Kn\u00f6pfen bei den Herren und 4 Kn\u00f6pfen bei den Damen. Material: 100% Baumwolle<\/p>","protected":false},"featured_media":494540,"template":"","meta":[],"product_brand":[],"product_cat":[4193],"product_tag":[],"class_list":{"0":"post-494463","1":"product","2":"type-product","3":"status-publish","4":"has-post-thumbnail","6":"product_cat-polos","7":"pa_brand-clique","8":"pa_brand-type-sportswear","9":"pa_filter-color-blau","10":"pa_filter-color-weiss","12":"first","13":"instock","14":"sale","15":"taxable","16":"shipping-taxable","17":"purchasable","18":"product-type-variable","19":"add-to-wishlist-before_image"},"exclude_global_add_ons":[],"addons":[],"acf":[],"_links":{"self":[{"href":"https:\/\/shop.kustom.ch\/fr\/wp-json\/wp\/v2\/product\/494463"}],"collection":[{"href":"https:\/\/shop.kustom.ch\/fr\/wp-json\/wp\/v2\/product"}],"about":[{"href":"https:\/\/shop.kustom.ch\/fr\/wp-json\/wp\/v2\/types\/product"}],"wp:featuredmedia":[{"embeddable":true,"href":"https:\/\/shop.kustom.ch\/fr\/wp-json\/wp\/v2\/media\/494540"}],"wp:attachment":[{"href":"https:\/\/shop.kustom.ch\/fr\/wp-json\/wp\/v2\/media?parent=494463"}],"wp:term":[{"taxonomy":"product_brand","embeddable":true,"href":"https:\/\/shop.kustom.ch\/fr\/wp-json\/wp\/v2\/product_brand?post=494463"},{"taxonomy":"product_cat","embeddable":true,"href":"https:\/\/shop.kustom.ch\/fr\/wp-json\/wp\/v2\/product_cat?post=494463"},{"taxonomy":"product_tag","embeddable":true,"href":"https:\/\/shop.kustom.ch\/fr\/wp-json\/wp\/v2\/product_tag?post=494463"}],"curies":[{"name":"wp","href":"https:\/\/api.w.org\/{rel}","templated":true}]}}