{"id":494397,"date":"2025-01-24T01:02:16","date_gmt":"2025-01-24T00:02:16","guid":{"rendered":"https:\/\/shop.kustom.ch\/?post_type=product&#038;p=494397"},"modified":"2026-03-31T13:13:24","modified_gmt":"2026-03-31T12:13:24","slug":"roll-up-backpack","status":"publish","type":"product","link":"https:\/\/shop.kustom.ch\/fr\/produit\/roll-up-backpack\/","title":{"rendered":"Sac \u00e0 dos \u00e0 roulettes"},"content":{"rendered":"<p>Sac \u00e0 dos moderne et styl\u00e9 avec fonction roll-up pour modifier le volume. Compartiment suppl\u00e9mentaire pour un \u00e9cran de 15\u2033. Nombreuses poches utiles, y compris une poche cach\u00e9e dans le fond et un clip pour les cl\u00e9s. Fermeture \u00e9clair technique et zip r\u00e9fl\u00e9chissant. Dimensions et volume : 29x42x15cm \u2248 18L<\/p>\n<p>Mat\u00e9riaux : Mat\u00e9riau : polyester 300D ; Doublure : polyester 210D PU ; Fond : polyester 1680D<\/p>","protected":false},"excerpt":{"rendered":"<p>Moderner, stylischer Rucksack mit Roll-up Funktion um das Volumen zu ver\u00e4ndern. Extrafach f\u00fcr einen 15&#8243; Bildschirm. Viele n\u00fctzliche Taschen, inkl. versteckte Tasche im Boden und Schl\u00fcsselclip. Technischer Reissverschluss und reflektierendem Zipper. Abmessungen und Volumen: 29x42x15cm \u2248 18L Material: Material: 300D Polyester ; Futter: 210D Polyester PU ; Boden: 1680D Polyester<\/p>","protected":false},"featured_media":494454,"template":"","meta":[],"product_brand":[],"product_cat":[4195,4209],"product_tag":[],"class_list":{"0":"post-494397","1":"product","2":"type-product","3":"status-publish","4":"has-post-thumbnail","6":"product_cat-rucksaecke-taschen","7":"product_cat-zubehoer","8":"pa_brand-clique","9":"pa_brand-type-sportswear","10":"pa_filter-color-grau","12":"first","13":"instock","14":"sale","15":"taxable","16":"shipping-taxable","17":"purchasable","18":"product-type-variable","19":"add-to-wishlist-before_image"},"exclude_global_add_ons":[],"addons":[],"acf":[],"_links":{"self":[{"href":"https:\/\/shop.kustom.ch\/fr\/wp-json\/wp\/v2\/product\/494397"}],"collection":[{"href":"https:\/\/shop.kustom.ch\/fr\/wp-json\/wp\/v2\/product"}],"about":[{"href":"https:\/\/shop.kustom.ch\/fr\/wp-json\/wp\/v2\/types\/product"}],"wp:featuredmedia":[{"embeddable":true,"href":"https:\/\/shop.kustom.ch\/fr\/wp-json\/wp\/v2\/media\/494454"}],"wp:attachment":[{"href":"https:\/\/shop.kustom.ch\/fr\/wp-json\/wp\/v2\/media?parent=494397"}],"wp:term":[{"taxonomy":"product_brand","embeddable":true,"href":"https:\/\/shop.kustom.ch\/fr\/wp-json\/wp\/v2\/product_brand?post=494397"},{"taxonomy":"product_cat","embeddable":true,"href":"https:\/\/shop.kustom.ch\/fr\/wp-json\/wp\/v2\/product_cat?post=494397"},{"taxonomy":"product_tag","embeddable":true,"href":"https:\/\/shop.kustom.ch\/fr\/wp-json\/wp\/v2\/product_tag?post=494397"}],"curies":[{"name":"wp","href":"https:\/\/api.w.org\/{rel}","templated":true}]}}