{"id":494396,"date":"2025-01-24T01:02:16","date_gmt":"2025-01-24T00:02:16","guid":{"rendered":"https:\/\/shop.kustom.ch\/?post_type=product&#038;p=494396"},"modified":"2026-03-31T13:13:29","modified_gmt":"2026-03-31T12:13:29","slug":"reflective-gloves","status":"publish","type":"product","link":"https:\/\/shop.kustom.ch\/fr\/produit\/reflective-gloves\/","title":{"rendered":"Gants r\u00e9fl\u00e9chissants"},"content":{"rendered":"<p>Gants r\u00e9fl\u00e9chissants l\u00e9g\u00e8rement doubl\u00e9s. Parfaits pour le jogging t\u00f4t le matin ou \u00e0 avoir sur soi dans la voiture.<\/p>\n<p>Mati\u00e8re : Ext\u00e9rieur : 60% polyamide, 40% polyester ; Doublure : 100% polyester ; Rembourrage : 100% polyester<\/p>","protected":false},"excerpt":{"rendered":"<p>Leicht gef\u00fctterte, reflektierende Handschuhe. Perfekt f\u00fcrs joggen am fr\u00fchen Morgen oder im Auto dabei zu haben. Material: Obermaterial : 60% Polyamide, 40% Polyester; Futter: 100% Polyester ; Wattierung: 100% Polyester<\/p>","protected":false},"featured_media":494451,"template":"","meta":[],"product_brand":[],"product_cat":[4209],"product_tag":[],"class_list":{"0":"post-494396","1":"product","2":"type-product","3":"status-publish","4":"has-post-thumbnail","6":"product_cat-zubehoer","7":"pa_brand-clique","8":"pa_brand-type-sportswear","9":"pa_filter-color-weiss","11":"first","12":"instock","13":"sale","14":"taxable","15":"shipping-taxable","16":"purchasable","17":"product-type-variable","18":"add-to-wishlist-before_image"},"exclude_global_add_ons":[],"addons":[],"acf":[],"_links":{"self":[{"href":"https:\/\/shop.kustom.ch\/fr\/wp-json\/wp\/v2\/product\/494396"}],"collection":[{"href":"https:\/\/shop.kustom.ch\/fr\/wp-json\/wp\/v2\/product"}],"about":[{"href":"https:\/\/shop.kustom.ch\/fr\/wp-json\/wp\/v2\/types\/product"}],"wp:featuredmedia":[{"embeddable":true,"href":"https:\/\/shop.kustom.ch\/fr\/wp-json\/wp\/v2\/media\/494451"}],"wp:attachment":[{"href":"https:\/\/shop.kustom.ch\/fr\/wp-json\/wp\/v2\/media?parent=494396"}],"wp:term":[{"taxonomy":"product_brand","embeddable":true,"href":"https:\/\/shop.kustom.ch\/fr\/wp-json\/wp\/v2\/product_brand?post=494396"},{"taxonomy":"product_cat","embeddable":true,"href":"https:\/\/shop.kustom.ch\/fr\/wp-json\/wp\/v2\/product_cat?post=494396"},{"taxonomy":"product_tag","embeddable":true,"href":"https:\/\/shop.kustom.ch\/fr\/wp-json\/wp\/v2\/product_tag?post=494396"}],"curies":[{"name":"wp","href":"https:\/\/api.w.org\/{rel}","templated":true}]}}