{"id":494395,"date":"2025-01-24T01:02:16","date_gmt":"2025-01-24T00:02:16","guid":{"rendered":"https:\/\/shop.kustom.ch\/?post_type=product&#038;p=494395"},"modified":"2026-03-31T13:11:20","modified_gmt":"2026-03-31T12:11:20","slug":"reflective-cap","status":"publish","type":"product","link":"https:\/\/shop.kustom.ch\/fr\/produit\/reflective-cap\/","title":{"rendered":"Casquette r\u00e9fl\u00e9chissante"},"content":{"rendered":"<p>Casquette 6 panneaux en mat\u00e9riau r\u00e9fl\u00e9chissant avec rev\u00eatement en mesh noir. Taille r\u00e9glable gr\u00e2ce \u00e0 la fermeture velcro \u00e0 l'arri\u00e8re.<\/p>\n<p>Mati\u00e8re : 50% coton, 50% polyester ; Mesh : 100% polyester<\/p>","protected":false},"excerpt":{"rendered":"<p>6-Panel-Cap aus reflektierendem Material mit schwarzem Mesh\u00fcberzug. Verstellbare Gr\u00f6sse dank Klettverschluss auf der R\u00fcckseite. Material: 50% Baumwolle, 50% Polyester ; Mesh: 100% Polyester<\/p>","protected":false},"featured_media":494449,"template":"","meta":[],"product_brand":[],"product_cat":[4177,4209],"product_tag":[],"class_list":{"0":"post-494395","1":"product","2":"type-product","3":"status-publish","4":"has-post-thumbnail","6":"product_cat-caps-muetzen","7":"product_cat-zubehoer","8":"pa_brand-clique","9":"pa_brand-type-sportswear","10":"pa_filter-color-weiss","12":"first","13":"instock","14":"sale","15":"taxable","16":"shipping-taxable","17":"purchasable","18":"product-type-variable","19":"add-to-wishlist-before_image"},"exclude_global_add_ons":[],"addons":[],"acf":[],"_links":{"self":[{"href":"https:\/\/shop.kustom.ch\/fr\/wp-json\/wp\/v2\/product\/494395"}],"collection":[{"href":"https:\/\/shop.kustom.ch\/fr\/wp-json\/wp\/v2\/product"}],"about":[{"href":"https:\/\/shop.kustom.ch\/fr\/wp-json\/wp\/v2\/types\/product"}],"wp:featuredmedia":[{"embeddable":true,"href":"https:\/\/shop.kustom.ch\/fr\/wp-json\/wp\/v2\/media\/494449"}],"wp:attachment":[{"href":"https:\/\/shop.kustom.ch\/fr\/wp-json\/wp\/v2\/media?parent=494395"}],"wp:term":[{"taxonomy":"product_brand","embeddable":true,"href":"https:\/\/shop.kustom.ch\/fr\/wp-json\/wp\/v2\/product_brand?post=494395"},{"taxonomy":"product_cat","embeddable":true,"href":"https:\/\/shop.kustom.ch\/fr\/wp-json\/wp\/v2\/product_cat?post=494395"},{"taxonomy":"product_tag","embeddable":true,"href":"https:\/\/shop.kustom.ch\/fr\/wp-json\/wp\/v2\/product_tag?post=494395"}],"curies":[{"name":"wp","href":"https:\/\/api.w.org\/{rel}","templated":true}]}}