{"id":494355,"date":"2025-01-24T01:01:49","date_gmt":"2025-01-24T00:01:49","guid":{"rendered":"https:\/\/shop.kustom.ch\/?post_type=product&#038;p=494355"},"modified":"2026-03-31T13:14:18","modified_gmt":"2026-03-31T12:14:18","slug":"raglan-t","status":"publish","type":"product","link":"https:\/\/shop.kustom.ch\/fr\/produit\/raglan-t\/","title":{"rendered":"T raglan"},"content":{"rendered":"<p>T-shirt bicolore. Manches raglan de couleur contrast\u00e9e, poignets de la m\u00eame couleur que le t-shirt, bordures du cou et des manches avec \u00e9lasthanne.<\/p>\n<p>Mati\u00e8re : 100% coton peign\u00e9 et pr\u00e9-r\u00e9tr\u00e9ci<\/p>","protected":false},"excerpt":{"rendered":"<p>T-Shirt Bicolor. Raglan\u00e4rmel in Kontrastfarbe, \u00c4rmelb\u00fcndchen in Shirtfarbe, Hals- und \u00c4rmelabschl\u00fcsse mit Elasthan versetzt. Material: 100% gek\u00e4mmte und vorgeschrumpfte Baumwolle<\/p>","protected":false},"featured_media":494400,"template":"","meta":[],"product_brand":[],"product_cat":[4201],"product_tag":[],"class_list":{"0":"post-494355","1":"product","2":"type-product","3":"status-publish","4":"has-post-thumbnail","6":"product_cat-t-shirts","7":"pa_brand-clique","8":"pa_brand-type-sportswear","9":"pa_filter-color-blau","10":"pa_filter-color-rot","11":"pa_filter-color-schwarz","12":"pa_filter-color-weiss","14":"first","15":"instock","16":"sale","17":"taxable","18":"shipping-taxable","19":"purchasable","20":"product-type-variable","21":"add-to-wishlist-before_image"},"exclude_global_add_ons":[],"addons":[],"acf":[],"_links":{"self":[{"href":"https:\/\/shop.kustom.ch\/fr\/wp-json\/wp\/v2\/product\/494355"}],"collection":[{"href":"https:\/\/shop.kustom.ch\/fr\/wp-json\/wp\/v2\/product"}],"about":[{"href":"https:\/\/shop.kustom.ch\/fr\/wp-json\/wp\/v2\/types\/product"}],"wp:featuredmedia":[{"embeddable":true,"href":"https:\/\/shop.kustom.ch\/fr\/wp-json\/wp\/v2\/media\/494400"}],"wp:attachment":[{"href":"https:\/\/shop.kustom.ch\/fr\/wp-json\/wp\/v2\/media?parent=494355"}],"wp:term":[{"taxonomy":"product_brand","embeddable":true,"href":"https:\/\/shop.kustom.ch\/fr\/wp-json\/wp\/v2\/product_brand?post=494355"},{"taxonomy":"product_cat","embeddable":true,"href":"https:\/\/shop.kustom.ch\/fr\/wp-json\/wp\/v2\/product_cat?post=494355"},{"taxonomy":"product_tag","embeddable":true,"href":"https:\/\/shop.kustom.ch\/fr\/wp-json\/wp\/v2\/product_tag?post=494355"}],"curies":[{"name":"wp","href":"https:\/\/api.w.org\/{rel}","templated":true}]}}