{"id":494354,"date":"2025-01-24T01:01:49","date_gmt":"2025-01-24T00:01:49","guid":{"rendered":"https:\/\/shop.kustom.ch\/?post_type=product&#038;p=494354"},"modified":"2026-03-31T13:09:37","modified_gmt":"2026-03-31T12:09:37","slug":"prestige-trolley","status":"publish","type":"product","link":"https:\/\/shop.kustom.ch\/fr\/produit\/prestige-trolley\/","title":{"rendered":"Prestige Trolley"},"content":{"rendered":"<p>Convient comme bagage \u00e0 main selon IATA, c'est le trolley parfait pour vos voyages.<br \/>\nCe trolley au design \u00e9l\u00e9gant dispose d'un grand compartiment zipp\u00e9 SBS, doubl\u00e9 et \u00e9quip\u00e9 de sangles pour garder vos affaires au m\u00eame endroit lors de vos d\u00e9placements. Un grand compartiment zipp\u00e9 \u00e0 l'int\u00e9rieur. Une grande poche frontale SBS zipp\u00e9e \u00e0 l'ext\u00e9rieur pour un acc\u00e8s rapide aux objets. Deux roues et une solution de rangement sur pied le rendent l\u00e9ger et maniable. La poign\u00e9e t\u00e9lescopique peut \u00eatre cach\u00e9e dans un compartiment zipp\u00e9 pour la prot\u00e9ger. Le haut, le bas et les c\u00f4t\u00e9s sont recouverts de PU pour une plus grande durabilit\u00e9. Livr\u00e9 avec une \u00e9l\u00e9gante poign\u00e9e de transport doubl\u00e9e de tissu. Lorsqu'il n'est pas utilis\u00e9, il peut \u00eatre repli\u00e9 pour \u00e9conomiser de l'espace de rangement. Poids 1,8 kg Dimensions et volume, y compris les roues et la poign\u00e9e 35x54x19cm - 32L<\/p>\n<p>Mati\u00e8re : Sous-couche : 300D Polyester\/TPE ; 2\u00e8me mati\u00e8re : Rev\u00eatement PU ; Doublure : 100% Polyester<\/p>","protected":false},"excerpt":{"rendered":"<p>Geeignet als Handgep\u00e4ck nach IATA ist dies der perfekte Trolley f\u00fcr Ihre Reisen. Dieser stilvoll gestaltete Trolley verf\u00fcgt \u00fcber ein grosses SBS-Reissverschlussfach, das gef\u00fcttert ist und mit Riemen versehen ist, um Ihre Sachen unterwegs an einem Ort zu halten. Grosses Reissverschlussfach auf der Innenseite. Eine grossz\u00fcgige SBS-Vortasche mit Reissverschluss an der Aussenseite f\u00fcr den schnellen [&hellip;]<\/p>\n","protected":false},"featured_media":494394,"template":"","meta":[],"product_brand":[],"product_cat":[4195,4209],"product_tag":[],"class_list":{"0":"post-494354","1":"product","2":"type-product","3":"status-publish","4":"has-post-thumbnail","6":"product_cat-rucksaecke-taschen","7":"product_cat-zubehoer","8":"pa_brand-clique","9":"pa_brand-type-sportswear","10":"pa_filter-color-grau","12":"first","13":"instock","14":"sale","15":"taxable","16":"shipping-taxable","17":"purchasable","18":"product-type-variable","19":"add-to-wishlist-before_image"},"exclude_global_add_ons":[],"addons":[],"acf":[],"_links":{"self":[{"href":"https:\/\/shop.kustom.ch\/fr\/wp-json\/wp\/v2\/product\/494354"}],"collection":[{"href":"https:\/\/shop.kustom.ch\/fr\/wp-json\/wp\/v2\/product"}],"about":[{"href":"https:\/\/shop.kustom.ch\/fr\/wp-json\/wp\/v2\/types\/product"}],"wp:featuredmedia":[{"embeddable":true,"href":"https:\/\/shop.kustom.ch\/fr\/wp-json\/wp\/v2\/media\/494394"}],"wp:attachment":[{"href":"https:\/\/shop.kustom.ch\/fr\/wp-json\/wp\/v2\/media?parent=494354"}],"wp:term":[{"taxonomy":"product_brand","embeddable":true,"href":"https:\/\/shop.kustom.ch\/fr\/wp-json\/wp\/v2\/product_brand?post=494354"},{"taxonomy":"product_cat","embeddable":true,"href":"https:\/\/shop.kustom.ch\/fr\/wp-json\/wp\/v2\/product_cat?post=494354"},{"taxonomy":"product_tag","embeddable":true,"href":"https:\/\/shop.kustom.ch\/fr\/wp-json\/wp\/v2\/product_tag?post=494354"}],"curies":[{"name":"wp","href":"https:\/\/api.w.org\/{rel}","templated":true}]}}