{"id":494353,"date":"2025-01-24T01:01:49","date_gmt":"2025-01-24T00:01:49","guid":{"rendered":"https:\/\/shop.kustom.ch\/?post_type=product&#038;p=494353"},"modified":"2026-03-31T13:09:17","modified_gmt":"2026-03-31T12:09:17","slug":"prestige-toilet-case","status":"publish","type":"product","link":"https:\/\/shop.kustom.ch\/fr\/produit\/prestige-toilet-case\/","title":{"rendered":"Prestige Toilet Case"},"content":{"rendered":"<p>Cette trousse de toilette au design \u00e9l\u00e9gant est le compl\u00e9ment parfait \u00e0 votre bagage de prestige.<br \/>\nIl dispose d'un compartiment \u00e0 fermeture \u00e9clair SBS avec une poche en filet et une poign\u00e9e \u00e9l\u00e9gante. Le dessus, le dessous et les c\u00f4t\u00e9s sont recouverts de PU pour une plus grande durabilit\u00e9. Dimensions et volume 25x15x9cm - 3L<\/p>\n<p>Mati\u00e8re : Sous-couche : 300D Polyester\/TPE ; 2\u00e8me mati\u00e8re : Rev\u00eatement PU<\/p>","protected":false},"excerpt":{"rendered":"<p>Die perfekte Erg\u00e4nzung zu Ihrem Prestigegep\u00e4ck ist dieser stilvoll gestaltete Toilettenkoffer. Er verf\u00fcgt \u00fcber ein SBS-Reissverschlussfach mit einer Netztasche und einem stilvollen Griff. Die Ober- und Unterseite sowie die Seiten sind f\u00fcr zus\u00e4tzliche Haltbarkeit PU-beschichtet. Abmessungen und Volumen 25x15x9cm &#8211; 3L Material: Unterlage : 300D Polyester\/TPE ; 2. Material : PU-Beschichtung<\/p>","protected":false},"featured_media":494392,"template":"","meta":[],"product_brand":[],"product_cat":[4195,4209],"product_tag":[],"class_list":{"0":"post-494353","1":"product","2":"type-product","3":"status-publish","4":"has-post-thumbnail","6":"product_cat-rucksaecke-taschen","7":"product_cat-zubehoer","8":"pa_brand-clique","9":"pa_brand-type-sportswear","10":"pa_filter-color-grau","12":"first","13":"instock","14":"sale","15":"taxable","16":"shipping-taxable","17":"purchasable","18":"product-type-variable","19":"add-to-wishlist-before_image"},"exclude_global_add_ons":[],"addons":[],"acf":[],"_links":{"self":[{"href":"https:\/\/shop.kustom.ch\/fr\/wp-json\/wp\/v2\/product\/494353"}],"collection":[{"href":"https:\/\/shop.kustom.ch\/fr\/wp-json\/wp\/v2\/product"}],"about":[{"href":"https:\/\/shop.kustom.ch\/fr\/wp-json\/wp\/v2\/types\/product"}],"wp:featuredmedia":[{"embeddable":true,"href":"https:\/\/shop.kustom.ch\/fr\/wp-json\/wp\/v2\/media\/494392"}],"wp:attachment":[{"href":"https:\/\/shop.kustom.ch\/fr\/wp-json\/wp\/v2\/media?parent=494353"}],"wp:term":[{"taxonomy":"product_brand","embeddable":true,"href":"https:\/\/shop.kustom.ch\/fr\/wp-json\/wp\/v2\/product_brand?post=494353"},{"taxonomy":"product_cat","embeddable":true,"href":"https:\/\/shop.kustom.ch\/fr\/wp-json\/wp\/v2\/product_cat?post=494353"},{"taxonomy":"product_tag","embeddable":true,"href":"https:\/\/shop.kustom.ch\/fr\/wp-json\/wp\/v2\/product_tag?post=494353"}],"curies":[{"name":"wp","href":"https:\/\/api.w.org\/{rel}","templated":true}]}}