{"id":494352,"date":"2025-01-24T01:01:49","date_gmt":"2025-01-24T00:01:49","guid":{"rendered":"https:\/\/shop.kustom.ch\/?post_type=product&#038;p=494352"},"modified":"2026-03-31T13:10:07","modified_gmt":"2026-03-31T12:10:07","slug":"prestige-dufflebag","status":"publish","type":"product","link":"https:\/\/shop.kustom.ch\/fr\/produit\/prestige-dufflebag\/","title":{"rendered":"Prestige Dufflebag"},"content":{"rendered":"<p>Ce sac au design \u00e9l\u00e9gant dispose d'un grand compartiment et d'une poche frontale, tous deux \u00e9quip\u00e9s d'une fermeture \u00e9clair SBS. Le dessus, le fond et les c\u00f4t\u00e9s sont recouverts de PU pour une plus grande durabilit\u00e9. Livr\u00e9 avec des poign\u00e9es de transport \u00e9l\u00e9gantes. Bandouli\u00e8re avec clips en m\u00e9tal argent\u00e9 mat, qui am\u00e9liorent encore la qualit\u00e9 de ce sac. Dimensions et volume 50x27x23cm - 28L<\/p>\n<p>Mati\u00e8re : Sous-couche : 300D Polyester\/TPE ; 2\u00e8me mati\u00e8re : Rev\u00eatement PU ; Doublure : 100% Polyester<\/p>","protected":false},"excerpt":{"rendered":"<p>Dieser stilvoll gestaltete Tasche verf\u00fcgt \u00fcber ein grosses Abteil und eine Vordertasche, beide mit SBS-Reissverschluss. Die Oberseite, der Boden und die Seiten sind f\u00fcr zus\u00e4tzliche Haltbarkeit mit PU beschichtet. Wird mit stilvollen Tragegriffen geliefert. Schulterriemen mit silbermatten Metallclips, die die Qualit\u00e4t dieser Tasche noch weiter verbessern. Abmessungen und Volumen 50x27x23cm &#8211; 28L Material: Unterlage : [&hellip;]<\/p>\n","protected":false},"featured_media":494390,"template":"","meta":[],"product_brand":[],"product_cat":[4195,4209],"product_tag":[],"class_list":{"0":"post-494352","1":"product","2":"type-product","3":"status-publish","4":"has-post-thumbnail","6":"product_cat-rucksaecke-taschen","7":"product_cat-zubehoer","8":"pa_brand-clique","9":"pa_brand-type-sportswear","10":"pa_filter-color-grau","12":"first","13":"instock","14":"sale","15":"taxable","16":"shipping-taxable","17":"purchasable","18":"product-type-variable","19":"add-to-wishlist-before_image"},"exclude_global_add_ons":[],"addons":[],"acf":[],"_links":{"self":[{"href":"https:\/\/shop.kustom.ch\/fr\/wp-json\/wp\/v2\/product\/494352"}],"collection":[{"href":"https:\/\/shop.kustom.ch\/fr\/wp-json\/wp\/v2\/product"}],"about":[{"href":"https:\/\/shop.kustom.ch\/fr\/wp-json\/wp\/v2\/types\/product"}],"wp:featuredmedia":[{"embeddable":true,"href":"https:\/\/shop.kustom.ch\/fr\/wp-json\/wp\/v2\/media\/494390"}],"wp:attachment":[{"href":"https:\/\/shop.kustom.ch\/fr\/wp-json\/wp\/v2\/media?parent=494352"}],"wp:term":[{"taxonomy":"product_brand","embeddable":true,"href":"https:\/\/shop.kustom.ch\/fr\/wp-json\/wp\/v2\/product_brand?post=494352"},{"taxonomy":"product_cat","embeddable":true,"href":"https:\/\/shop.kustom.ch\/fr\/wp-json\/wp\/v2\/product_cat?post=494352"},{"taxonomy":"product_tag","embeddable":true,"href":"https:\/\/shop.kustom.ch\/fr\/wp-json\/wp\/v2\/product_tag?post=494352"}],"curies":[{"name":"wp","href":"https:\/\/api.w.org\/{rel}","templated":true}]}}