{"id":494075,"date":"2025-01-24T01:00:45","date_gmt":"2025-01-24T00:00:45","guid":{"rendered":"https:\/\/shop.kustom.ch\/?post_type=product&#038;p=494075"},"modified":"2026-03-31T13:18:48","modified_gmt":"2026-03-31T12:18:48","slug":"premium-oc-pants","status":"publish","type":"product","link":"https:\/\/shop.kustom.ch\/fr\/produit\/premium-oc-pants\/","title":{"rendered":"Premium OC Pants"},"content":{"rendered":"<p>Notre pantalon de loisirs le plus fin est en coton bio et en polyester recycl\u00e9. Une ceinture l\u00e9g\u00e8rement plus large et de larges bas de jambes assurent un grand confort et un look moderne. Ceinture avec cordon de serrage et finitions m\u00e9talliques. Sur le mod\u00e8le homme, poche arri\u00e8re avec fermeture \u00e0 glissi\u00e8re. CVC French Terry, bordures de jambes c\u00f4tel\u00e9es. Ceinture \u00e9lastique \u00e0 c\u00f4tes 1\u00d71.<\/p>\n<p>Mati\u00e8re : 85% coton organique, 15% polyester<\/p>","protected":false},"excerpt":{"rendered":"<p>Unsere feinste Freizeithose ist aus Bio-Baumwolle und Recyclingpolyester. Ein etwas breiterer H\u00fcftbund und breite Beinabschlussb\u00fcndchen sorgen f\u00fcr einen hohen Tragekomfort und modernen Look. Bund mit Kordelzug und Metallabschl\u00fcssen. Beim Herrenmodell Ges\u00e4sstasche mit Reissverschluss. CVC French Terry, gerippte Beinabschl\u00fcsse. Elastischer Rippbund 1&#215;1. Material: 85% Organic Baumwolle, 15% Polyester<\/p>","protected":false},"featured_media":494130,"template":"","meta":[],"product_brand":[],"product_cat":[4185,4191],"product_tag":[],"class_list":{"0":"post-494075","1":"product","2":"type-product","3":"status-publish","4":"has-post-thumbnail","6":"product_cat-hosen","7":"product_cat-longsleeves-sweatshirts","8":"pa_brand-clique","9":"pa_brand-type-sportswear","10":"pa_filter-color-blau","11":"pa_filter-color-grau","12":"pa_filter-color-schwarz","14":"first","15":"instock","16":"sale","17":"taxable","18":"shipping-taxable","19":"purchasable","20":"product-type-variable","21":"add-to-wishlist-before_image"},"exclude_global_add_ons":[],"addons":[],"acf":[],"_links":{"self":[{"href":"https:\/\/shop.kustom.ch\/fr\/wp-json\/wp\/v2\/product\/494075"}],"collection":[{"href":"https:\/\/shop.kustom.ch\/fr\/wp-json\/wp\/v2\/product"}],"about":[{"href":"https:\/\/shop.kustom.ch\/fr\/wp-json\/wp\/v2\/types\/product"}],"wp:featuredmedia":[{"embeddable":true,"href":"https:\/\/shop.kustom.ch\/fr\/wp-json\/wp\/v2\/media\/494130"}],"wp:attachment":[{"href":"https:\/\/shop.kustom.ch\/fr\/wp-json\/wp\/v2\/media?parent=494075"}],"wp:term":[{"taxonomy":"product_brand","embeddable":true,"href":"https:\/\/shop.kustom.ch\/fr\/wp-json\/wp\/v2\/product_brand?post=494075"},{"taxonomy":"product_cat","embeddable":true,"href":"https:\/\/shop.kustom.ch\/fr\/wp-json\/wp\/v2\/product_cat?post=494075"},{"taxonomy":"product_tag","embeddable":true,"href":"https:\/\/shop.kustom.ch\/fr\/wp-json\/wp\/v2\/product_tag?post=494075"}],"curies":[{"name":"wp","href":"https:\/\/api.w.org\/{rel}","templated":true}]}}