{"id":493937,"date":"2025-01-24T01:00:16","date_gmt":"2025-01-24T00:00:16","guid":{"rendered":"https:\/\/shop.kustom.ch\/?post_type=product&#038;p=493937"},"modified":"2026-03-31T13:13:23","modified_gmt":"2026-03-31T12:13:23","slug":"premium-oc-hoody","status":"publish","type":"product","link":"https:\/\/shop.kustom.ch\/fr\/produit\/premium-oc-hoody\/","title":{"rendered":"Sweat \u00e0 capuche Premium OC"},"content":{"rendered":"<p>Notre sweat \u00e0 capuche le plus fin, \u00e0 col rond, est en coton bio et en polyester recycl\u00e9. Deux poches avant avec fermeture \u00e9clair YKK et passage pour \u00e9couteurs. Cordon de capuche avec finitions m\u00e9talliques et coutures d\u00e9coratives flatlock pour un look moderne. CVC French Terry, bandeau de cou \u00e0 chevrons, extr\u00e9mit\u00e9s des manches c\u00f4tel\u00e9es et ceinture c\u00f4tel\u00e9e. C\u00f4tes \u00e9lastiques 1\u00d71.<\/p>\n<p>Mati\u00e8re : 85% coton organique, 15% polyester<\/p>","protected":false},"excerpt":{"rendered":"<p>Unser feinster Kapuzensweat mit Rundhalsausschnitt ist aus Bio-Baumwolle und Recyclingpolyester. Zwei Fronttaschen mit YKK-Reissverschluss und Kopfh\u00f6rerf\u00fchrung. Kapuzen-Kordel mit Metallabschl\u00fcssen und Flatlock-Ziern\u00e4hten f\u00fcr einen modernen Look. CVC French Terry, Nackenband mit Fischgr\u00e4tenmuster, gerippte \u00c4rmelabschl\u00fcsse und gerippter Bund. Elastischer Rippbund 1&#215;1. Material: 85% Organic Baumwolle, 15% Polyester<\/p>","protected":false},"featured_media":493970,"template":"","meta":[],"product_brand":[],"product_cat":[4184],"product_tag":[],"class_list":{"0":"post-493937","1":"product","2":"type-product","3":"status-publish","4":"has-post-thumbnail","6":"product_cat-hoodies-pullover","7":"pa_brand-clique","8":"pa_brand-type-sportswear","9":"pa_filter-color-beige","10":"pa_filter-color-blau","11":"pa_filter-color-grau","12":"pa_filter-color-schwarz","14":"first","15":"instock","16":"sale","17":"taxable","18":"shipping-taxable","19":"purchasable","20":"product-type-variable","21":"add-to-wishlist-before_image"},"exclude_global_add_ons":[],"addons":[],"acf":[],"_links":{"self":[{"href":"https:\/\/shop.kustom.ch\/fr\/wp-json\/wp\/v2\/product\/493937"}],"collection":[{"href":"https:\/\/shop.kustom.ch\/fr\/wp-json\/wp\/v2\/product"}],"about":[{"href":"https:\/\/shop.kustom.ch\/fr\/wp-json\/wp\/v2\/types\/product"}],"wp:featuredmedia":[{"embeddable":true,"href":"https:\/\/shop.kustom.ch\/fr\/wp-json\/wp\/v2\/media\/493970"}],"wp:attachment":[{"href":"https:\/\/shop.kustom.ch\/fr\/wp-json\/wp\/v2\/media?parent=493937"}],"wp:term":[{"taxonomy":"product_brand","embeddable":true,"href":"https:\/\/shop.kustom.ch\/fr\/wp-json\/wp\/v2\/product_brand?post=493937"},{"taxonomy":"product_cat","embeddable":true,"href":"https:\/\/shop.kustom.ch\/fr\/wp-json\/wp\/v2\/product_cat?post=493937"},{"taxonomy":"product_tag","embeddable":true,"href":"https:\/\/shop.kustom.ch\/fr\/wp-json\/wp\/v2\/product_tag?post=493937"}],"curies":[{"name":"wp","href":"https:\/\/api.w.org\/{rel}","templated":true}]}}