{"id":493734,"date":"2025-01-24T00:59:21","date_gmt":"2025-01-23T23:59:21","guid":{"rendered":"https:\/\/shop.kustom.ch\/?post_type=product&#038;p=493734"},"modified":"2026-03-31T13:18:58","modified_gmt":"2026-03-31T12:18:58","slug":"premium-fashion-t-l-s-women","status":"publish","type":"product","link":"https:\/\/shop.kustom.ch\/fr\/produit\/premium-fashion-t-l-s-women\/","title":{"rendered":"Premium Fashion-T L\/S Femme"},"content":{"rendered":"<p>Ein modernes, hochwertiges Langarm T-Shirt. Die feine Baumwolle  ist ringgesponnen, vorgeschrumpft und enzymbehandelt. Mit Seitenn\u00e4hten, Nackenband im Kragen und verst\u00e4rkten Schultern\u00e4hten. Ein leicht abnehmbares Etikett f\u00fcr Rebranding.<\/p>\n<p>Material: 100% Baumwolle ([95] Graumeliert: 85% Baumwolle, 15% Viskose)<\/p>\n","protected":false},"excerpt":{"rendered":"<p>Ein modernes, hochwertiges Langarm T-Shirt. Die feine Baumwolle ist ringgesponnen, vorgeschrumpft und enzymbehandelt. Mit Seitenn\u00e4hten, Nackenband im Kragen und verst\u00e4rkten Schultern\u00e4hten. Ein leicht abnehmbares Etikett f\u00fcr Rebranding. Material: 100% Baumwolle ([95] Graumeliert: 85% Baumwolle, 15% Viskose)<\/p>\n","protected":false},"featured_media":493775,"template":"","meta":[],"product_brand":[],"product_cat":[4191],"product_tag":[],"class_list":{"0":"post-493734","1":"product","2":"type-product","3":"status-publish","4":"has-post-thumbnail","6":"product_cat-longsleeves-sweatshirts","7":"pa_brand-clique","8":"pa_brand-type-sportswear","9":"pa_filter-color-blau","10":"pa_filter-color-grau","11":"pa_filter-color-schwarz","12":"pa_filter-color-weiss","14":"first","15":"instock","16":"sale","17":"taxable","18":"shipping-taxable","19":"purchasable","20":"product-type-variable","21":"add-to-wishlist-before_image"},"exclude_global_add_ons":[],"addons":[],"acf":[],"_links":{"self":[{"href":"https:\/\/shop.kustom.ch\/fr\/wp-json\/wp\/v2\/product\/493734"}],"collection":[{"href":"https:\/\/shop.kustom.ch\/fr\/wp-json\/wp\/v2\/product"}],"about":[{"href":"https:\/\/shop.kustom.ch\/fr\/wp-json\/wp\/v2\/types\/product"}],"wp:featuredmedia":[{"embeddable":true,"href":"https:\/\/shop.kustom.ch\/fr\/wp-json\/wp\/v2\/media\/493775"}],"wp:attachment":[{"href":"https:\/\/shop.kustom.ch\/fr\/wp-json\/wp\/v2\/media?parent=493734"}],"wp:term":[{"taxonomy":"product_brand","embeddable":true,"href":"https:\/\/shop.kustom.ch\/fr\/wp-json\/wp\/v2\/product_brand?post=493734"},{"taxonomy":"product_cat","embeddable":true,"href":"https:\/\/shop.kustom.ch\/fr\/wp-json\/wp\/v2\/product_cat?post=493734"},{"taxonomy":"product_tag","embeddable":true,"href":"https:\/\/shop.kustom.ch\/fr\/wp-json\/wp\/v2\/product_tag?post=493734"}],"curies":[{"name":"wp","href":"https:\/\/api.w.org\/{rel}","templated":true}]}}