{"id":493594,"date":"2025-01-24T00:58:52","date_gmt":"2025-01-23T23:58:52","guid":{"rendered":"https:\/\/shop.kustom.ch\/?post_type=product&#038;p=493594"},"modified":"2026-03-31T13:14:05","modified_gmt":"2026-03-31T12:14:05","slug":"premium-active-t-women","status":"publish","type":"product","link":"https:\/\/shop.kustom.ch\/fr\/produit\/premium-active-t-women\/","title":{"rendered":"Premium Active-T Femmes"},"content":{"rendered":"<p>T-shirt fonctionnel et sportif, avec empi\u00e8cements en filet pour une \u00e9vacuation optimale de l'humidit\u00e9 et une libert\u00e9 de mouvement illimit\u00e9e. Protection UV 30.<\/p>\n<p>Mat\u00e9riau : 100% polyester interlock et polyester mesh<\/p>","protected":false},"excerpt":{"rendered":"<p>Sportliches Funktions T-Shirt, mit Netzeins\u00e4tzen f\u00fcr den otimalen Feuchtigkeitstransport und uneingeschr\u00e4nkte Bewegungsfreiheit. UV-Schutz 30. Material: 100% Polyester Interlock und Polyester-Mesh<\/p>","protected":false},"featured_media":493652,"template":"","meta":[],"product_brand":[],"product_cat":[4201],"product_tag":[],"class_list":{"0":"post-493594","1":"product","2":"type-product","3":"status-publish","4":"has-post-thumbnail","6":"product_cat-t-shirts","7":"pa_brand-clique","8":"pa_brand-type-sportswear","9":"pa_filter-color-blau","10":"pa_filter-color-gelb","11":"pa_filter-color-gruen","12":"pa_filter-color-orange","13":"pa_filter-color-rot","14":"pa_filter-color-schwarz","15":"pa_filter-color-weiss","17":"first","18":"instock","19":"sale","20":"taxable","21":"shipping-taxable","22":"purchasable","23":"product-type-variable","24":"add-to-wishlist-before_image"},"exclude_global_add_ons":[],"addons":[],"acf":[],"_links":{"self":[{"href":"https:\/\/shop.kustom.ch\/fr\/wp-json\/wp\/v2\/product\/493594"}],"collection":[{"href":"https:\/\/shop.kustom.ch\/fr\/wp-json\/wp\/v2\/product"}],"about":[{"href":"https:\/\/shop.kustom.ch\/fr\/wp-json\/wp\/v2\/types\/product"}],"wp:featuredmedia":[{"embeddable":true,"href":"https:\/\/shop.kustom.ch\/fr\/wp-json\/wp\/v2\/media\/493652"}],"wp:attachment":[{"href":"https:\/\/shop.kustom.ch\/fr\/wp-json\/wp\/v2\/media?parent=493594"}],"wp:term":[{"taxonomy":"product_brand","embeddable":true,"href":"https:\/\/shop.kustom.ch\/fr\/wp-json\/wp\/v2\/product_brand?post=493594"},{"taxonomy":"product_cat","embeddable":true,"href":"https:\/\/shop.kustom.ch\/fr\/wp-json\/wp\/v2\/product_cat?post=493594"},{"taxonomy":"product_tag","embeddable":true,"href":"https:\/\/shop.kustom.ch\/fr\/wp-json\/wp\/v2\/product_tag?post=493594"}],"curies":[{"name":"wp","href":"https:\/\/api.w.org\/{rel}","templated":true}]}}