{"id":493388,"date":"2025-01-24T00:57:58","date_gmt":"2025-01-23T23:57:58","guid":{"rendered":"https:\/\/shop.kustom.ch\/?post_type=product&#038;p=493388"},"modified":"2026-03-31T13:20:00","modified_gmt":"2026-03-31T12:20:00","slug":"padded-softshell-jacket-women","status":"publish","type":"product","link":"https:\/\/shop.kustom.ch\/fr\/produit\/padded-softshell-jacket-women\/","title":{"rendered":"Veste Softshell Padded Women"},"content":{"rendered":"<p>Une veste Softshell matelass\u00e9e \u00e0 la coupe moderne. Trois poches ext\u00e9rieures avec fermetures \u00e9clair et une poche int\u00e9rieure. Avec une doublure noire et une fermeture \u00e9clair qui facilite la broderie ou l'impression. Une \u00e9tiquette facilement d\u00e9tachable pour le rebranding.<\/p>\n<p>Mati\u00e8re : 85% polyester, 15% spandex lamin\u00e9 ; Rembourrage : 100% polyester ; WP 5000<\/p>","protected":false},"excerpt":{"rendered":"<p>Eine modern geschnittene, wattierte Softshell Jacke. Drei Aussentaschen mit Reissverschl\u00fcssen und eine Innentasche. Mit schwarzem Futter und einem Reissverschluss der das Besticken oder Drucken erleichtert. Ein leicht abnehmbares Etikett f\u00fcr Rebranding. Material: 85% Polyester, 15% Spandex laminiert ; Polsterung : 100% Polyester ; WP 5000<\/p>","protected":false},"featured_media":493421,"template":"","meta":[],"product_brand":[],"product_cat":[4186],"product_tag":[],"class_list":{"0":"post-493388","1":"product","2":"type-product","3":"status-publish","4":"has-post-thumbnail","6":"product_cat-jacken","7":"pa_brand-clique","8":"pa_brand-type-sportswear","9":"pa_filter-color-blau","10":"pa_filter-color-grau","11":"pa_filter-color-gruen","12":"pa_filter-color-rot","13":"pa_filter-color-schwarz","15":"first","16":"instock","17":"sale","18":"taxable","19":"shipping-taxable","20":"purchasable","21":"product-type-variable","22":"add-to-wishlist-before_image"},"exclude_global_add_ons":[],"addons":[],"acf":[],"_links":{"self":[{"href":"https:\/\/shop.kustom.ch\/fr\/wp-json\/wp\/v2\/product\/493388"}],"collection":[{"href":"https:\/\/shop.kustom.ch\/fr\/wp-json\/wp\/v2\/product"}],"about":[{"href":"https:\/\/shop.kustom.ch\/fr\/wp-json\/wp\/v2\/types\/product"}],"wp:featuredmedia":[{"embeddable":true,"href":"https:\/\/shop.kustom.ch\/fr\/wp-json\/wp\/v2\/media\/493421"}],"wp:attachment":[{"href":"https:\/\/shop.kustom.ch\/fr\/wp-json\/wp\/v2\/media?parent=493388"}],"wp:term":[{"taxonomy":"product_brand","embeddable":true,"href":"https:\/\/shop.kustom.ch\/fr\/wp-json\/wp\/v2\/product_brand?post=493388"},{"taxonomy":"product_cat","embeddable":true,"href":"https:\/\/shop.kustom.ch\/fr\/wp-json\/wp\/v2\/product_cat?post=493388"},{"taxonomy":"product_tag","embeddable":true,"href":"https:\/\/shop.kustom.ch\/fr\/wp-json\/wp\/v2\/product_tag?post=493388"}],"curies":[{"name":"wp","href":"https:\/\/api.w.org\/{rel}","templated":true}]}}