{"id":493180,"date":"2025-01-24T00:56:58","date_gmt":"2025-01-23T23:56:58","guid":{"rendered":"https:\/\/shop.kustom.ch\/?post_type=product&#038;p=493180"},"modified":"2026-03-31T13:20:46","modified_gmt":"2026-03-31T12:20:46","slug":"oxford","status":"publish","type":"product","link":"https:\/\/shop.kustom.ch\/fr\/produit\/oxford\/","title":{"rendered":"Oxford"},"content":{"rendered":"<p>Chemise Oxford \u00e0 manches longues. Tissu Oxford l\u00e9ger avec traitement Easy Care. Avec poche poitrine et bouton down cach\u00e9.<\/p>\n<p>Mati\u00e8re : 100% coton<\/p>","protected":false},"excerpt":{"rendered":"<p>Langarm Oxford Hemd. Leichtes Oxford Gewebe mit Easy Care Behandlung. Mit Brusttasche und verstecktem Button Down. Material: 100% Baumwolle<\/p>","protected":false},"featured_media":493232,"template":"","meta":[],"product_brand":[],"product_cat":[9874],"product_tag":[],"class_list":{"0":"post-493180","1":"product","2":"type-product","3":"status-publish","4":"has-post-thumbnail","6":"product_cat-hemden","7":"pa_brand-clique","8":"pa_brand-type-sportswear","9":"pa_filter-color-blau","10":"pa_filter-color-schwarz","11":"pa_filter-color-weiss","13":"first","14":"instock","15":"sale","16":"taxable","17":"shipping-taxable","18":"purchasable","19":"product-type-variable","20":"add-to-wishlist-before_image"},"exclude_global_add_ons":[],"addons":[],"acf":[],"_links":{"self":[{"href":"https:\/\/shop.kustom.ch\/fr\/wp-json\/wp\/v2\/product\/493180"}],"collection":[{"href":"https:\/\/shop.kustom.ch\/fr\/wp-json\/wp\/v2\/product"}],"about":[{"href":"https:\/\/shop.kustom.ch\/fr\/wp-json\/wp\/v2\/types\/product"}],"wp:featuredmedia":[{"embeddable":true,"href":"https:\/\/shop.kustom.ch\/fr\/wp-json\/wp\/v2\/media\/493232"}],"wp:attachment":[{"href":"https:\/\/shop.kustom.ch\/fr\/wp-json\/wp\/v2\/media?parent=493180"}],"wp:term":[{"taxonomy":"product_brand","embeddable":true,"href":"https:\/\/shop.kustom.ch\/fr\/wp-json\/wp\/v2\/product_brand?post=493180"},{"taxonomy":"product_cat","embeddable":true,"href":"https:\/\/shop.kustom.ch\/fr\/wp-json\/wp\/v2\/product_cat?post=493180"},{"taxonomy":"product_tag","embeddable":true,"href":"https:\/\/shop.kustom.ch\/fr\/wp-json\/wp\/v2\/product_tag?post=493180"}],"curies":[{"name":"wp","href":"https:\/\/api.w.org\/{rel}","templated":true}]}}