{"id":493179,"date":"2025-01-24T00:56:58","date_gmt":"2025-01-23T23:56:58","guid":{"rendered":"https:\/\/shop.kustom.ch\/?post_type=product&#038;p=493179"},"modified":"2026-03-31T13:13:41","modified_gmt":"2026-03-31T12:13:41","slug":"over-t","status":"publish","type":"product","link":"https:\/\/shop.kustom.ch\/fr\/produit\/over-t\/","title":{"rendered":"Over-T"},"content":{"rendered":"<p>Un t-shirt unisexe oversize en 100 % coton ring-spun. Un double col l\u00e9g\u00e8rement plus large en coton et \u00e9lasthanne, une bande de cou renforc\u00e9e et une \u00e9tiquette facilement d\u00e9tachable pour le rebranding. Le T-shirt a \u00e9t\u00e9 pr\u00e9-r\u00e9tr\u00e9ci et trait\u00e9 aux enzymes.<\/p>\n<p>Mati\u00e8re : 100% coton<\/p>","protected":false},"excerpt":{"rendered":"<p>Ein oversize Unisex-T-Shirt aus 100 % ringgesponnener Baumwolle. Ein leicht breiterer Doppelkragen aus Baumwolle und Elasthan, verst\u00e4rktes Nackenband und ein leicht abnehmbares Etikett f\u00fcr Rebranding. Das T-Shirt wurde vorgeschrumpft und enzym behandelt. Material: 100% Baumwolle<\/p>","protected":false},"featured_media":493216,"template":"","meta":[],"product_brand":[],"product_cat":[4201],"product_tag":[],"class_list":{"0":"post-493179","1":"product","2":"type-product","3":"status-publish","4":"has-post-thumbnail","6":"product_cat-t-shirts","7":"pa_brand-clique","8":"pa_brand-type-sportswear","9":"pa_filter-color-schwarz","10":"pa_filter-color-weiss","12":"first","13":"instock","14":"sale","15":"taxable","16":"shipping-taxable","17":"purchasable","18":"product-type-variable","19":"add-to-wishlist-before_image"},"exclude_global_add_ons":[],"addons":[],"acf":[],"_links":{"self":[{"href":"https:\/\/shop.kustom.ch\/fr\/wp-json\/wp\/v2\/product\/493179"}],"collection":[{"href":"https:\/\/shop.kustom.ch\/fr\/wp-json\/wp\/v2\/product"}],"about":[{"href":"https:\/\/shop.kustom.ch\/fr\/wp-json\/wp\/v2\/types\/product"}],"wp:featuredmedia":[{"embeddable":true,"href":"https:\/\/shop.kustom.ch\/fr\/wp-json\/wp\/v2\/media\/493216"}],"wp:attachment":[{"href":"https:\/\/shop.kustom.ch\/fr\/wp-json\/wp\/v2\/media?parent=493179"}],"wp:term":[{"taxonomy":"product_brand","embeddable":true,"href":"https:\/\/shop.kustom.ch\/fr\/wp-json\/wp\/v2\/product_brand?post=493179"},{"taxonomy":"product_cat","embeddable":true,"href":"https:\/\/shop.kustom.ch\/fr\/wp-json\/wp\/v2\/product_cat?post=493179"},{"taxonomy":"product_tag","embeddable":true,"href":"https:\/\/shop.kustom.ch\/fr\/wp-json\/wp\/v2\/product_tag?post=493179"}],"curies":[{"name":"wp","href":"https:\/\/api.w.org\/{rel}","templated":true}]}}