{"id":493178,"date":"2025-01-24T00:56:58","date_gmt":"2025-01-23T23:56:58","guid":{"rendered":"https:\/\/shop.kustom.ch\/?post_type=product&#038;p=493178"},"modified":"2026-03-31T13:09:29","modified_gmt":"2026-03-31T12:09:29","slug":"otto","status":"publish","type":"product","link":"https:\/\/shop.kustom.ch\/fr\/produit\/otto\/","title":{"rendered":"Otto"},"content":{"rendered":"<p>Bonnet tricot\u00e9 \u00e0 double structure avec quatre coutures \u00e0 la pointe.<\/p>\n<p>Mat\u00e9riau : 100% acrylique<\/p>","protected":false},"excerpt":{"rendered":"<p>Strickm\u00fctze mit Doppelstruktur und vier N\u00e4hten an der Spitze. Material: 100% Acryl<\/p>","protected":false},"featured_media":493206,"template":"","meta":[],"product_brand":[],"product_cat":[4209],"product_tag":[],"class_list":{"0":"post-493178","1":"product","2":"type-product","3":"status-publish","4":"has-post-thumbnail","6":"product_cat-zubehoer","7":"pa_brand-clique","8":"pa_brand-type-sportswear","9":"pa_filter-color-beige","10":"pa_filter-color-blau","11":"pa_filter-color-grau","12":"pa_filter-color-schwarz","13":"pa_filter-color-weiss","15":"first","16":"instock","17":"sale","18":"taxable","19":"shipping-taxable","20":"purchasable","21":"product-type-variable","22":"add-to-wishlist-before_image"},"exclude_global_add_ons":[],"addons":[],"acf":[],"_links":{"self":[{"href":"https:\/\/shop.kustom.ch\/fr\/wp-json\/wp\/v2\/product\/493178"}],"collection":[{"href":"https:\/\/shop.kustom.ch\/fr\/wp-json\/wp\/v2\/product"}],"about":[{"href":"https:\/\/shop.kustom.ch\/fr\/wp-json\/wp\/v2\/types\/product"}],"wp:featuredmedia":[{"embeddable":true,"href":"https:\/\/shop.kustom.ch\/fr\/wp-json\/wp\/v2\/media\/493206"}],"wp:attachment":[{"href":"https:\/\/shop.kustom.ch\/fr\/wp-json\/wp\/v2\/media?parent=493178"}],"wp:term":[{"taxonomy":"product_brand","embeddable":true,"href":"https:\/\/shop.kustom.ch\/fr\/wp-json\/wp\/v2\/product_brand?post=493178"},{"taxonomy":"product_cat","embeddable":true,"href":"https:\/\/shop.kustom.ch\/fr\/wp-json\/wp\/v2\/product_cat?post=493178"},{"taxonomy":"product_tag","embeddable":true,"href":"https:\/\/shop.kustom.ch\/fr\/wp-json\/wp\/v2\/product_tag?post=493178"}],"curies":[{"name":"wp","href":"https:\/\/api.w.org\/{rel}","templated":true}]}}