{"id":493109,"date":"2025-01-24T00:56:39","date_gmt":"2025-01-23T23:56:39","guid":{"rendered":"https:\/\/shop.kustom.ch\/?post_type=product&#038;p=493109"},"modified":"2026-03-31T13:20:58","modified_gmt":"2026-03-31T12:20:58","slug":"ottawa","status":"publish","type":"product","link":"https:\/\/shop.kustom.ch\/fr\/produit\/ottawa\/","title":{"rendered":"Ottawa"},"content":{"rendered":"<p>Une belle veste \u00e0 capuche en polyester doux, \u00e9lastique et confortable. Capuche doubl\u00e9e de mesh et cordon de serrage, deux poches avant avec fermetures \u00e9clair et poches int\u00e9rieures, passage pour \u00e9couteurs.<\/p>\n<p>Mat\u00e9riau : polyester 100%<\/p>","protected":false},"excerpt":{"rendered":"<p>Eine sch\u00f6ne Kapuzenjacke aus weichem, elastischem und komfortablem Polyester. Kapuze mit Mesh gef\u00fcttert und Kordelzug, Zwei Fronttaschen mit Reissverschl\u00fcssen und Innentaschen, Kopfh\u00f6rerf\u00fchrung. Material: 100% Polyester<\/p>","protected":false},"featured_media":493139,"template":"","meta":[],"product_brand":[],"product_cat":[4184],"product_tag":[],"class_list":{"0":"post-493109","1":"product","2":"type-product","3":"status-publish","4":"has-post-thumbnail","6":"product_cat-hoodies-pullover","7":"pa_brand-clique","8":"pa_brand-type-sportswear","9":"pa_filter-color-blau","10":"pa_filter-color-grau","11":"pa_filter-color-schwarz","13":"first","14":"instock","15":"sale","16":"taxable","17":"shipping-taxable","18":"purchasable","19":"product-type-variable","20":"add-to-wishlist-before_image"},"exclude_global_add_ons":[],"addons":[],"acf":[],"_links":{"self":[{"href":"https:\/\/shop.kustom.ch\/fr\/wp-json\/wp\/v2\/product\/493109"}],"collection":[{"href":"https:\/\/shop.kustom.ch\/fr\/wp-json\/wp\/v2\/product"}],"about":[{"href":"https:\/\/shop.kustom.ch\/fr\/wp-json\/wp\/v2\/types\/product"}],"wp:featuredmedia":[{"embeddable":true,"href":"https:\/\/shop.kustom.ch\/fr\/wp-json\/wp\/v2\/media\/493139"}],"wp:attachment":[{"href":"https:\/\/shop.kustom.ch\/fr\/wp-json\/wp\/v2\/media?parent=493109"}],"wp:term":[{"taxonomy":"product_brand","embeddable":true,"href":"https:\/\/shop.kustom.ch\/fr\/wp-json\/wp\/v2\/product_brand?post=493109"},{"taxonomy":"product_cat","embeddable":true,"href":"https:\/\/shop.kustom.ch\/fr\/wp-json\/wp\/v2\/product_cat?post=493109"},{"taxonomy":"product_tag","embeddable":true,"href":"https:\/\/shop.kustom.ch\/fr\/wp-json\/wp\/v2\/product_tag?post=493109"}],"curies":[{"name":"wp","href":"https:\/\/api.w.org\/{rel}","templated":true}]}}