{"id":493040,"date":"2025-01-24T00:56:21","date_gmt":"2025-01-23T23:56:21","guid":{"rendered":"https:\/\/shop.kustom.ch\/?post_type=product&#038;p=493040"},"modified":"2026-03-31T13:17:52","modified_gmt":"2026-03-31T12:17:52","slug":"odessa","status":"publish","type":"product","link":"https:\/\/shop.kustom.ch\/fr\/produit\/odessa\/","title":{"rendered":"Odessa"},"content":{"rendered":"<p>Un beau pantalon d'entra\u00eenement unisexe en polyester doux, \u00e9lastique et confortable, assorti \u00e0 la veste Ottawa et au sweat \u00e0 capuche Oakdale. Coupe et look modernes. Ceinture \u00e9lastique et cordon de serrage \u00e0 la taille. Deux poches avant, une poche arri\u00e8re et bas de jambes avec fermetures \u00e9clair.<\/p>\n<p>Mat\u00e9riau : polyester 100%<\/p>","protected":false},"excerpt":{"rendered":"<p>Eine sch\u00f6ne Unisex Trainings Hose aus weichem, elastischem und komfortablem Polyester, passend zur Ottawa Jacke und Oakdale Hoodie. Moderne Passform und Optik. Gummibund und Kordelzug in der Taille. Zwei Fronttaschen, eine Ges\u00e4sstasche und Beinabschluss mit Reissverschl\u00fcssen. Material: 100% Polyester<\/p>","protected":false},"featured_media":493092,"template":"","meta":[],"product_brand":[],"product_cat":[4185],"product_tag":[],"class_list":{"0":"post-493040","1":"product","2":"type-product","3":"status-publish","4":"has-post-thumbnail","6":"product_cat-hosen","7":"pa_brand-clique","8":"pa_brand-type-sportswear","9":"pa_filter-color-grau","10":"pa_filter-color-schwarz","12":"first","13":"instock","14":"sale","15":"taxable","16":"shipping-taxable","17":"purchasable","18":"product-type-variable","19":"add-to-wishlist-before_image"},"exclude_global_add_ons":[],"addons":[],"acf":[],"_links":{"self":[{"href":"https:\/\/shop.kustom.ch\/fr\/wp-json\/wp\/v2\/product\/493040"}],"collection":[{"href":"https:\/\/shop.kustom.ch\/fr\/wp-json\/wp\/v2\/product"}],"about":[{"href":"https:\/\/shop.kustom.ch\/fr\/wp-json\/wp\/v2\/types\/product"}],"wp:featuredmedia":[{"embeddable":true,"href":"https:\/\/shop.kustom.ch\/fr\/wp-json\/wp\/v2\/media\/493092"}],"wp:attachment":[{"href":"https:\/\/shop.kustom.ch\/fr\/wp-json\/wp\/v2\/media?parent=493040"}],"wp:term":[{"taxonomy":"product_brand","embeddable":true,"href":"https:\/\/shop.kustom.ch\/fr\/wp-json\/wp\/v2\/product_brand?post=493040"},{"taxonomy":"product_cat","embeddable":true,"href":"https:\/\/shop.kustom.ch\/fr\/wp-json\/wp\/v2\/product_cat?post=493040"},{"taxonomy":"product_tag","embeddable":true,"href":"https:\/\/shop.kustom.ch\/fr\/wp-json\/wp\/v2\/product_tag?post=493040"}],"curies":[{"name":"wp","href":"https:\/\/api.w.org\/{rel}","templated":true}]}}