{"id":492896,"date":"2025-01-24T00:55:44","date_gmt":"2025-01-23T23:55:44","guid":{"rendered":"https:\/\/shop.kustom.ch\/?post_type=product&#038;p=492896"},"modified":"2026-03-31T13:19:15","modified_gmt":"2026-03-31T12:19:15","slug":"newton-women","status":"publish","type":"product","link":"https:\/\/shop.kustom.ch\/fr\/produit\/newton-women\/","title":{"rendered":"Newton Femmes"},"content":{"rendered":"<p>Confortable polo au look sportif. Bandes contrast\u00e9es sur les manches, le col, la boutonni\u00e8re et les fentes lat\u00e9rales. Trois boutons ton sur ton.<\/p>\n<p>Mati\u00e8re : 100% coton peign\u00e9 ring-spun<\/p>","protected":false},"excerpt":{"rendered":"<p>Bequemes Polo Shirt in sportlicher Optik. Kontraststreifen an \u00c4rmeln, Kragen, Knopflochleiste und Seitenschlitzen. Drei Kn\u00f6pfe Ton-in-Ton. Material: 100% gek\u00e4mmte, ringgesponnene Baumwolle<\/p>","protected":false},"featured_media":492918,"template":"","meta":[],"product_brand":[],"product_cat":[4193],"product_tag":[],"class_list":{"0":"post-492896","1":"product","2":"type-product","3":"status-publish","4":"has-post-thumbnail","6":"product_cat-polos","7":"pa_brand-clique","8":"pa_brand-type-sportswear","9":"pa_filter-color-blau","10":"pa_filter-color-grau","11":"pa_filter-color-gruen","12":"pa_filter-color-schwarz","13":"pa_filter-color-weiss","15":"first","16":"instock","17":"sale","18":"taxable","19":"shipping-taxable","20":"purchasable","21":"product-type-variable","22":"add-to-wishlist-before_image"},"exclude_global_add_ons":[],"addons":[],"acf":[],"_links":{"self":[{"href":"https:\/\/shop.kustom.ch\/fr\/wp-json\/wp\/v2\/product\/492896"}],"collection":[{"href":"https:\/\/shop.kustom.ch\/fr\/wp-json\/wp\/v2\/product"}],"about":[{"href":"https:\/\/shop.kustom.ch\/fr\/wp-json\/wp\/v2\/types\/product"}],"wp:featuredmedia":[{"embeddable":true,"href":"https:\/\/shop.kustom.ch\/fr\/wp-json\/wp\/v2\/media\/492918"}],"wp:attachment":[{"href":"https:\/\/shop.kustom.ch\/fr\/wp-json\/wp\/v2\/media?parent=492896"}],"wp:term":[{"taxonomy":"product_brand","embeddable":true,"href":"https:\/\/shop.kustom.ch\/fr\/wp-json\/wp\/v2\/product_brand?post=492896"},{"taxonomy":"product_cat","embeddable":true,"href":"https:\/\/shop.kustom.ch\/fr\/wp-json\/wp\/v2\/product_cat?post=492896"},{"taxonomy":"product_tag","embeddable":true,"href":"https:\/\/shop.kustom.ch\/fr\/wp-json\/wp\/v2\/product_tag?post=492896"}],"curies":[{"name":"wp","href":"https:\/\/api.w.org\/{rel}","templated":true}]}}