{"id":492828,"date":"2025-01-24T00:55:28","date_gmt":"2025-01-23T23:55:28","guid":{"rendered":"https:\/\/shop.kustom.ch\/?post_type=product&#038;p=492828"},"modified":"2026-03-31T13:20:51","modified_gmt":"2026-03-31T12:20:51","slug":"newport","status":"publish","type":"product","link":"https:\/\/shop.kustom.ch\/fr\/produit\/newport\/","title":{"rendered":"Newport"},"content":{"rendered":"<p>Veste Lumber fonctionnelle et \u00e0 la mode. Doublure int\u00e9rieure en polaire. Deux poches lat\u00e9rales et une poche int\u00e9rieure avec fermeture \u00e9clair. Bandes contrast\u00e9es blanches dans le cou. La fermeture \u00e9clair dans la doublure facilite l'impression ou la broderie.<\/p>\n<p>Mati\u00e8re : 100% nylon Taslan 196T ; rev\u00eatement PU (3000\/3000 mm) ; doublure en micropolaire 190 g\/m2 (manches 60 g\/m2 ouat\u00e9es polyester et doublure polyester 210T)<\/p>","protected":false},"excerpt":{"rendered":"<p>Modische funktionelle Lumber Jacke. Innen mit Polar Fleece Futter. Zwei Seitentaschen und eine Innentasche mit Reissverschluss. Weisse Kontraststreifen im Nacken. Reissverschluss im Futter erleichtert das Bedrucken oder Besticken. Material: 100% Nylon Taslan 196T; PU-Beschichtung (3000\/3000 mm); Microfleece-Futter 190 g\/m2 (\u00c4rmel 60 g\/m2 Polyesterwattierung und 210T Polyesterfutter)<\/p>","protected":false},"featured_media":492844,"template":"","meta":[],"product_brand":[],"product_cat":[4186],"product_tag":[],"class_list":{"0":"post-492828","1":"product","2":"type-product","3":"status-publish","4":"has-post-thumbnail","6":"product_cat-jacken","7":"pa_brand-clique","8":"pa_brand-type-sportswear","9":"pa_filter-color-blau","10":"pa_filter-color-gruen","11":"pa_filter-color-rot","12":"pa_filter-color-schwarz","14":"first","15":"instock","16":"sale","17":"taxable","18":"shipping-taxable","19":"purchasable","20":"product-type-variable","21":"add-to-wishlist-before_image"},"exclude_global_add_ons":[],"addons":[],"acf":[],"_links":{"self":[{"href":"https:\/\/shop.kustom.ch\/fr\/wp-json\/wp\/v2\/product\/492828"}],"collection":[{"href":"https:\/\/shop.kustom.ch\/fr\/wp-json\/wp\/v2\/product"}],"about":[{"href":"https:\/\/shop.kustom.ch\/fr\/wp-json\/wp\/v2\/types\/product"}],"wp:featuredmedia":[{"embeddable":true,"href":"https:\/\/shop.kustom.ch\/fr\/wp-json\/wp\/v2\/media\/492844"}],"wp:attachment":[{"href":"https:\/\/shop.kustom.ch\/fr\/wp-json\/wp\/v2\/media?parent=492828"}],"wp:term":[{"taxonomy":"product_brand","embeddable":true,"href":"https:\/\/shop.kustom.ch\/fr\/wp-json\/wp\/v2\/product_brand?post=492828"},{"taxonomy":"product_cat","embeddable":true,"href":"https:\/\/shop.kustom.ch\/fr\/wp-json\/wp\/v2\/product_cat?post=492828"},{"taxonomy":"product_tag","embeddable":true,"href":"https:\/\/shop.kustom.ch\/fr\/wp-json\/wp\/v2\/product_tag?post=492828"}],"curies":[{"name":"wp","href":"https:\/\/api.w.org\/{rel}","templated":true}]}}