{"id":492277,"date":"2025-01-24T00:53:16","date_gmt":"2025-01-23T23:53:16","guid":{"rendered":"https:\/\/shop.kustom.ch\/?post_type=product&#038;p=492277"},"modified":"2026-03-31T13:19:41","modified_gmt":"2026-03-31T12:19:41","slug":"neon-t","status":"publish","type":"product","link":"https:\/\/shop.kustom.ch\/fr\/produit\/neon-t\/","title":{"rendered":"N\u00e9on-T"},"content":{"rendered":"<p>Un t-shirt fonctionnel avec une touche de coton doux. Avec bande de cou, col renforc\u00e9 et coutures lat\u00e9rales.<\/p>\n<p>Mati\u00e8re : polyester 100% avec sensation de coton<\/p>","protected":false},"excerpt":{"rendered":"<p>Ein funktionelles T-Shirt mit weichem Baumwoll Touch. Mit Nackenband, verst\u00e4rktem Kragen und Seitenn\u00e4hten. Material: 100% Polyester mit Baumwoll-Feeling<\/p>","protected":false},"featured_media":492287,"template":"","meta":[],"product_brand":[],"product_cat":[4201],"product_tag":[],"class_list":{"0":"post-492277","1":"product","2":"type-product","3":"status-publish","4":"has-post-thumbnail","6":"product_cat-t-shirts","7":"pa_brand-clique","8":"pa_brand-type-sportswear","9":"pa_filter-color-blau","10":"pa_filter-color-gelb","11":"pa_filter-color-gruen","12":"pa_filter-color-orange","13":"pa_filter-color-pink","14":"pa_filter-color-schwarz","15":"pa_filter-color-weiss","17":"first","18":"instock","19":"sale","20":"taxable","21":"shipping-taxable","22":"purchasable","23":"product-type-variable","24":"add-to-wishlist-before_image"},"exclude_global_add_ons":[],"addons":[],"acf":[],"_links":{"self":[{"href":"https:\/\/shop.kustom.ch\/fr\/wp-json\/wp\/v2\/product\/492277"}],"collection":[{"href":"https:\/\/shop.kustom.ch\/fr\/wp-json\/wp\/v2\/product"}],"about":[{"href":"https:\/\/shop.kustom.ch\/fr\/wp-json\/wp\/v2\/types\/product"}],"wp:featuredmedia":[{"embeddable":true,"href":"https:\/\/shop.kustom.ch\/fr\/wp-json\/wp\/v2\/media\/492287"}],"wp:attachment":[{"href":"https:\/\/shop.kustom.ch\/fr\/wp-json\/wp\/v2\/media?parent=492277"}],"wp:term":[{"taxonomy":"product_brand","embeddable":true,"href":"https:\/\/shop.kustom.ch\/fr\/wp-json\/wp\/v2\/product_brand?post=492277"},{"taxonomy":"product_cat","embeddable":true,"href":"https:\/\/shop.kustom.ch\/fr\/wp-json\/wp\/v2\/product_cat?post=492277"},{"taxonomy":"product_tag","embeddable":true,"href":"https:\/\/shop.kustom.ch\/fr\/wp-json\/wp\/v2\/product_tag?post=492277"}],"curies":[{"name":"wp","href":"https:\/\/api.w.org\/{rel}","templated":true}]}}