{"id":492135,"date":"2025-01-24T00:52:34","date_gmt":"2025-01-23T23:52:34","guid":{"rendered":"https:\/\/shop.kustom.ch\/?post_type=product&#038;p=492135"},"modified":"2026-03-31T13:21:17","modified_gmt":"2026-03-31T12:21:17","slug":"milford-jacket","status":"publish","type":"product","link":"https:\/\/shop.kustom.ch\/fr\/produit\/milford-jacket\/","title":{"rendered":"Veste Milford"},"content":{"rendered":"<p>Veste softshell sportive et fonctionnelle avec deux poches lat\u00e9rales, deux poches int\u00e9rieures et une poche poitrine avec bandes r\u00e9fl\u00e9chissantes. Capuche amovible, poignets r\u00e9glables et cordon de serrage \u00e0 la taille. Membrane TPU et polaire \u00e0 l'int\u00e9rieur. Colonne d'eau WP 3000\/ respirabilit\u00e9 MVP 3000.<\/p>\n<p>Mat\u00e9riau : Ext\u00e9rieur : 96% polyester, 4% spandex ; Doublure : 100% polyester ; WP 3000\/ MVP 3000<\/p>","protected":false},"excerpt":{"rendered":"<p>Sportliche und funktionelle Softshell Jacke mit zwei Seitentaschen, zwei Innentaschen und einer Brusttasche mit Reflexstreifen. Abnehmbare Kapuze, verstellbare \u00c4rmelb\u00fcndchen und Kordelzug im Bund. TPU Membrane und Fleece auf der Innenseite. Wassers\u00e4ule WP 3000\/ Atmungsaktivit\u00e4t MVP 3000. Material: Obermaterial: 96% Polyester, 4% Spandex ; Futter: 100% Polyester; WP 3000\/ MVP 3000<\/p>","protected":false},"featured_media":492180,"template":"","meta":[],"product_brand":[],"product_cat":[4186],"product_tag":[],"class_list":{"0":"post-492135","1":"product","2":"type-product","3":"status-publish","4":"has-post-thumbnail","6":"product_cat-jacken","7":"pa_brand-clique","8":"pa_brand-type-sportswear","9":"pa_filter-color-blau","10":"pa_filter-color-grau","11":"pa_filter-color-rot","12":"pa_filter-color-schwarz","13":"pa_filter-color-weiss","15":"first","16":"instock","17":"sale","18":"taxable","19":"shipping-taxable","20":"purchasable","21":"product-type-variable","22":"add-to-wishlist-before_image"},"exclude_global_add_ons":[],"addons":[],"acf":[],"_links":{"self":[{"href":"https:\/\/shop.kustom.ch\/fr\/wp-json\/wp\/v2\/product\/492135"}],"collection":[{"href":"https:\/\/shop.kustom.ch\/fr\/wp-json\/wp\/v2\/product"}],"about":[{"href":"https:\/\/shop.kustom.ch\/fr\/wp-json\/wp\/v2\/types\/product"}],"wp:featuredmedia":[{"embeddable":true,"href":"https:\/\/shop.kustom.ch\/fr\/wp-json\/wp\/v2\/media\/492180"}],"wp:attachment":[{"href":"https:\/\/shop.kustom.ch\/fr\/wp-json\/wp\/v2\/media?parent=492135"}],"wp:term":[{"taxonomy":"product_brand","embeddable":true,"href":"https:\/\/shop.kustom.ch\/fr\/wp-json\/wp\/v2\/product_brand?post=492135"},{"taxonomy":"product_cat","embeddable":true,"href":"https:\/\/shop.kustom.ch\/fr\/wp-json\/wp\/v2\/product_cat?post=492135"},{"taxonomy":"product_tag","embeddable":true,"href":"https:\/\/shop.kustom.ch\/fr\/wp-json\/wp\/v2\/product_tag?post=492135"}],"curies":[{"name":"wp","href":"https:\/\/api.w.org\/{rel}","templated":true}]}}