{"id":492134,"date":"2025-01-24T00:52:34","date_gmt":"2025-01-23T23:52:34","guid":{"rendered":"https:\/\/shop.kustom.ch\/?post_type=product&#038;p=492134"},"modified":"2026-03-31T13:09:04","modified_gmt":"2026-03-31T12:09:04","slug":"milas","status":"publish","type":"product","link":"https:\/\/shop.kustom.ch\/fr\/produit\/milas\/","title":{"rendered":"Milas"},"content":{"rendered":"<p>Bonnet tricot\u00e9 avec structure c\u00f4tel\u00e9e, un revers et quatre coutures \u00e0 la pointe.<\/p>\n<p>Mati\u00e8re : acrylique 100%.<\/p>","protected":false},"excerpt":{"rendered":"<p>Strickm\u00fctze mit Rippenstruktur, einem Umschlag und vier N\u00e4hten an der Spitze. Material: 100% Acryl.<\/p>","protected":false},"featured_media":492170,"template":"","meta":[],"product_brand":[],"product_cat":[4209],"product_tag":[],"class_list":{"0":"post-492134","1":"product","2":"type-product","3":"status-publish","4":"has-post-thumbnail","6":"product_cat-zubehoer","7":"pa_brand-clique","8":"pa_brand-type-sportswear","9":"pa_filter-color-blau","10":"pa_filter-color-grau","11":"pa_filter-color-gruen","12":"pa_filter-color-pink","13":"pa_filter-color-schwarz","15":"first","16":"instock","17":"sale","18":"taxable","19":"shipping-taxable","20":"purchasable","21":"product-type-variable","22":"add-to-wishlist-before_image"},"exclude_global_add_ons":[],"addons":[],"acf":[],"_links":{"self":[{"href":"https:\/\/shop.kustom.ch\/fr\/wp-json\/wp\/v2\/product\/492134"}],"collection":[{"href":"https:\/\/shop.kustom.ch\/fr\/wp-json\/wp\/v2\/product"}],"about":[{"href":"https:\/\/shop.kustom.ch\/fr\/wp-json\/wp\/v2\/types\/product"}],"wp:featuredmedia":[{"embeddable":true,"href":"https:\/\/shop.kustom.ch\/fr\/wp-json\/wp\/v2\/media\/492170"}],"wp:attachment":[{"href":"https:\/\/shop.kustom.ch\/fr\/wp-json\/wp\/v2\/media?parent=492134"}],"wp:term":[{"taxonomy":"product_brand","embeddable":true,"href":"https:\/\/shop.kustom.ch\/fr\/wp-json\/wp\/v2\/product_brand?post=492134"},{"taxonomy":"product_cat","embeddable":true,"href":"https:\/\/shop.kustom.ch\/fr\/wp-json\/wp\/v2\/product_cat?post=492134"},{"taxonomy":"product_tag","embeddable":true,"href":"https:\/\/shop.kustom.ch\/fr\/wp-json\/wp\/v2\/product_tag?post=492134"}],"curies":[{"name":"wp","href":"https:\/\/api.w.org\/{rel}","templated":true}]}}