{"id":491880,"date":"2025-01-24T00:51:25","date_gmt":"2025-01-23T23:51:25","guid":{"rendered":"https:\/\/shop.kustom.ch\/?post_type=product&#038;p=491880"},"modified":"2026-03-31T13:08:36","modified_gmt":"2026-03-31T12:08:36","slug":"miami-hoody","status":"publish","type":"product","link":"https:\/\/shop.kustom.ch\/fr\/produit\/miami-hoody\/","title":{"rendered":"Sweat \u00e0 capuche Miami"},"content":{"rendered":"<p>Sweat \u00e0 capuche unisexe fabriqu\u00e9 \u00e0 partir de notre m\u00e9lange de coton et de polyester recycl\u00e9. Tissu principal dans la capuche et un cordon de serrage rond. Une grande poche kangourou \u00e0 l'avant. Poignets c\u00f4tel\u00e9s \u00e9lastiques 2\u00d72 avec double couture \u00e0 la base des manches et \u00e0 l'ourlet. Bandeau de cou en twill et \u00e9tiquette facilement d\u00e9tachable pour le rebranding. Tissu stabilis\u00e9 doux, adapt\u00e9 au lavage intensif avec finition anti-boulochage.<\/p>\n<p>Mati\u00e8re : 80% coton, 20% polyester recycl\u00e9<\/p>","protected":false},"excerpt":{"rendered":"<p>Unisex Kapuzenpullover aus unserer Baumwoll- und recycling Polyester Mischung. Hauptstoff in der Kapuze und eine runde Kordelzug. Eine grosse K\u00e4ngurutasche vorne. Elastische Rippenb\u00fcndchen 2&#215;2 mit doppelter Naht am \u00c4rmelbund und Saum. Twill-Nackenband und ein leicht abnehmbares Etikett f\u00fcr Rebranding. Weiches stabilisiertes Gewebe, geeignet f\u00fcr intensives Waschen mit antipilling Finish. Material: 80% Baumwolle, 20% Reycling-Polyester<\/p>","protected":false},"featured_media":491894,"template":"","meta":[],"product_brand":[],"product_cat":[4184],"product_tag":[],"class_list":{"0":"post-491880","1":"product","2":"type-product","3":"status-publish","4":"has-post-thumbnail","6":"product_cat-hoodies-pullover","7":"pa_brand-clique","8":"pa_brand-type-sportswear","9":"pa_filter-color-beige","10":"pa_filter-color-blau","11":"pa_filter-color-grau","12":"pa_filter-color-gruen","13":"pa_filter-color-pink","14":"pa_filter-color-rot","15":"pa_filter-color-schwarz","16":"pa_filter-color-weiss","18":"first","19":"instock","20":"sale","21":"taxable","22":"shipping-taxable","23":"purchasable","24":"product-type-variable","25":"add-to-wishlist-before_image"},"exclude_global_add_ons":[],"addons":[],"acf":[],"_links":{"self":[{"href":"https:\/\/shop.kustom.ch\/fr\/wp-json\/wp\/v2\/product\/491880"}],"collection":[{"href":"https:\/\/shop.kustom.ch\/fr\/wp-json\/wp\/v2\/product"}],"about":[{"href":"https:\/\/shop.kustom.ch\/fr\/wp-json\/wp\/v2\/types\/product"}],"wp:featuredmedia":[{"embeddable":true,"href":"https:\/\/shop.kustom.ch\/fr\/wp-json\/wp\/v2\/media\/491894"}],"wp:attachment":[{"href":"https:\/\/shop.kustom.ch\/fr\/wp-json\/wp\/v2\/media?parent=491880"}],"wp:term":[{"taxonomy":"product_brand","embeddable":true,"href":"https:\/\/shop.kustom.ch\/fr\/wp-json\/wp\/v2\/product_brand?post=491880"},{"taxonomy":"product_cat","embeddable":true,"href":"https:\/\/shop.kustom.ch\/fr\/wp-json\/wp\/v2\/product_cat?post=491880"},{"taxonomy":"product_tag","embeddable":true,"href":"https:\/\/shop.kustom.ch\/fr\/wp-json\/wp\/v2\/product_tag?post=491880"}],"curies":[{"name":"wp","href":"https:\/\/api.w.org\/{rel}","templated":true}]}}