{"id":491877,"date":"2025-01-24T00:51:25","date_gmt":"2025-01-23T23:51:25","guid":{"rendered":"https:\/\/shop.kustom.ch\/?post_type=product&#038;p=491877"},"modified":"2026-03-31T13:10:51","modified_gmt":"2026-03-31T12:10:51","slug":"melange-computer-case","status":"publish","type":"product","link":"https:\/\/shop.kustom.ch\/fr\/produit\/melange-computer-case\/","title":{"rendered":"Melange Computer Case"},"content":{"rendered":"<p>Une housse d'ordinateur au design minimaliste. Elle dispose d'un compartiment principal rembourr\u00e9 et dot\u00e9 d'une fermeture \u00e9clair SBS. Une poche ext\u00e9rieure avec fermeture \u00e9clair SBS offre des options suppl\u00e9mentaires pour ces documents importants.<br \/>\n\u00c9quip\u00e9 de poign\u00e9es de transport robustes. Dimensions et volume 36x26x3cm - 3L<\/p>\n<p>Mati\u00e8re : Sous-couche : 600D Polyester\/TPE ; Doublure : 100% Polyester<\/p>","protected":false},"excerpt":{"rendered":"<p>Eine Computer-H\u00fclle mit einem minimalistischen Design. Sie verf\u00fcgt \u00fcber ein gepolstertes und mit einem SBS-Reissverschluss versehenes Hauptabteil Eine Aussentasche mit SBS-Reissverschluss bietet zus\u00e4tzliche Optionen f\u00fcr diese wichtigen Dokumente. Mit robusten Tragegriffen ausgestattet. Abmessungen und Volumen 36x26x3cm &#8211; 3L Material: Unterlage : 600D Polyester\/TPE ; Futter: 100% Polyester<\/p>","protected":false},"featured_media":491888,"template":"","meta":[],"product_brand":[],"product_cat":[4195,4209],"product_tag":[],"class_list":{"0":"post-491877","1":"product","2":"type-product","3":"status-publish","4":"has-post-thumbnail","6":"product_cat-rucksaecke-taschen","7":"product_cat-zubehoer","8":"pa_brand-clique","9":"pa_brand-type-sportswear","10":"pa_filter-color-grau","12":"first","13":"instock","14":"sale","15":"taxable","16":"shipping-taxable","17":"purchasable","18":"product-type-variable","19":"add-to-wishlist-before_image"},"exclude_global_add_ons":[],"addons":[],"acf":[],"_links":{"self":[{"href":"https:\/\/shop.kustom.ch\/fr\/wp-json\/wp\/v2\/product\/491877"}],"collection":[{"href":"https:\/\/shop.kustom.ch\/fr\/wp-json\/wp\/v2\/product"}],"about":[{"href":"https:\/\/shop.kustom.ch\/fr\/wp-json\/wp\/v2\/types\/product"}],"wp:featuredmedia":[{"embeddable":true,"href":"https:\/\/shop.kustom.ch\/fr\/wp-json\/wp\/v2\/media\/491888"}],"wp:attachment":[{"href":"https:\/\/shop.kustom.ch\/fr\/wp-json\/wp\/v2\/media?parent=491877"}],"wp:term":[{"taxonomy":"product_brand","embeddable":true,"href":"https:\/\/shop.kustom.ch\/fr\/wp-json\/wp\/v2\/product_brand?post=491877"},{"taxonomy":"product_cat","embeddable":true,"href":"https:\/\/shop.kustom.ch\/fr\/wp-json\/wp\/v2\/product_cat?post=491877"},{"taxonomy":"product_tag","embeddable":true,"href":"https:\/\/shop.kustom.ch\/fr\/wp-json\/wp\/v2\/product_tag?post=491877"}],"curies":[{"name":"wp","href":"https:\/\/api.w.org\/{rel}","templated":true}]}}