{"id":491811,"date":"2025-01-24T00:51:00","date_gmt":"2025-01-23T23:51:00","guid":{"rendered":"https:\/\/shop.kustom.ch\/?post_type=product&#038;p=491811"},"modified":"2026-03-31T13:11:03","modified_gmt":"2026-03-31T12:11:03","slug":"melange-cap","status":"publish","type":"product","link":"https:\/\/shop.kustom.ch\/fr\/produit\/melange-cap\/","title":{"rendered":"Casquette Melange"},"content":{"rendered":"<p>Casquette 6 panneaux en m\u00e9lange de mat\u00e9riaux modernes. Taille ajustable gr\u00e2ce \u00e0 la fermeture velcro \u00e0 l'arri\u00e8re.<\/p>\n<p>Mat\u00e9riau : polyester 100%<\/p>","protected":false},"excerpt":{"rendered":"<p>6-Panel-Cap aus modernem Materialmix. Verstellbare Gr\u00f6sse dank Klettverschluss auf der R\u00fcckseite. Material: 100% Polyester<\/p>","protected":false},"featured_media":491876,"template":"","meta":[],"product_brand":[],"product_cat":[4177,4209],"product_tag":[],"class_list":{"0":"post-491811","1":"product","2":"type-product","3":"status-publish","4":"has-post-thumbnail","6":"product_cat-caps-muetzen","7":"product_cat-zubehoer","8":"pa_brand-clique","9":"pa_brand-type-sportswear","10":"pa_filter-color-blau","11":"pa_filter-color-grau","12":"pa_filter-color-schwarz","14":"first","15":"instock","16":"sale","17":"taxable","18":"shipping-taxable","19":"purchasable","20":"product-type-variable","21":"add-to-wishlist-before_image"},"exclude_global_add_ons":[],"addons":[],"acf":[],"_links":{"self":[{"href":"https:\/\/shop.kustom.ch\/fr\/wp-json\/wp\/v2\/product\/491811"}],"collection":[{"href":"https:\/\/shop.kustom.ch\/fr\/wp-json\/wp\/v2\/product"}],"about":[{"href":"https:\/\/shop.kustom.ch\/fr\/wp-json\/wp\/v2\/types\/product"}],"wp:featuredmedia":[{"embeddable":true,"href":"https:\/\/shop.kustom.ch\/fr\/wp-json\/wp\/v2\/media\/491876"}],"wp:attachment":[{"href":"https:\/\/shop.kustom.ch\/fr\/wp-json\/wp\/v2\/media?parent=491811"}],"wp:term":[{"taxonomy":"product_brand","embeddable":true,"href":"https:\/\/shop.kustom.ch\/fr\/wp-json\/wp\/v2\/product_brand?post=491811"},{"taxonomy":"product_cat","embeddable":true,"href":"https:\/\/shop.kustom.ch\/fr\/wp-json\/wp\/v2\/product_cat?post=491811"},{"taxonomy":"product_tag","embeddable":true,"href":"https:\/\/shop.kustom.ch\/fr\/wp-json\/wp\/v2\/product_tag?post=491811"}],"curies":[{"name":"wp","href":"https:\/\/api.w.org\/{rel}","templated":true}]}}